{"id":1342,"date":"2025-05-26T09:09:43","date_gmt":"2025-05-26T08:09:43","guid":{"rendered":"https:\/\/www.plzenske-dilo.cz\/?page_id=1342"},"modified":"2025-05-26T09:09:44","modified_gmt":"2025-05-26T08:09:44","slug":"internes-meldesystem","status":"publish","type":"page","link":"https:\/\/www.plzenske-dilo.cz\/de\/internes-meldesystem\/","title":{"rendered":"Internes Meldesystem"},"content":{"rendered":"\n<p>Im Einklang mit dem Gesetz Nr. 171\/2023 Slg. \u00fcber den Schutz von Hinweisgebern (im Folgenden als \u201eGesetz\u201c bezeichnet) f\u00fchrt Plze\u0148sk\u00e9 d\u00edlo, v\u00fdrobn\u00ed dru\u017estvo die Regeln des internen Hinweisgebersystems ein und regelt sie weiter.<\/p>\n\n\n\n<p>Zweck dieser Vorschriften ist es, Kan\u00e4le f\u00fcr die Meldung m\u00f6glicher Verst\u00f6\u00dfe zu schaffen, den Schutz der Identit\u00e4t von Hinweisgebern zu gew\u00e4hrleisten und sie vor Vergeltungsma\u00dfnahmen zu sch\u00fctzen.<\/p>\n\n\n\n<p>Eine Meldung ist definiert als ein Bericht einer Einzelperson, der Informationen \u00fcber einen m\u00f6glichen Gesetzesversto\u00df enth\u00e4lt, von dem der Hinweisgeber im Zusammenhang mit seiner Arbeit oder einer \u00e4hnlichen T\u00e4tigkeit Kenntnis erlangt hat. Als Arbeit oder \u00e4hnliche T\u00e4tigkeit gelten:<\/p>\n\n\n\n<ul class=\"wp-block-list\">\n<li>Abh\u00e4ngige Arbeit, die im Rahmen eines einfachen Besch\u00e4ftigungsverh\u00e4ltnisses geleistet wird,<\/li>\n\n\n\n<li>Dienst,<\/li>\n\n\n\n<li>ehrenamtliche T\u00e4tigkeit,<\/li>\n\n\n\n<li>Berufspraxis, Praktikum<\/li>\n<\/ul>\n\n\n\n<p>Andere Personen, z. B. Auftragnehmer, Selbstst\u00e4ndige und andere Personen, die in einem Vertragsverh\u00e4ltnis mit der Genossenschaft stehen, k\u00f6nnen eine Meldung nur \u00fcber das externe Meldesystem an das Justizministerium \u00fcber die Internetadresse https:\/\/oznamovatel.justice.cz einreichen.<\/p>\n\n\n\n<p>Ein Versto\u00df im Sinne des genossenschaftsinternen Meldesystems ist definiert als ein Versto\u00df, der bei der Genossenschaft eingetreten ist oder einzutreten droht und der:<\/p>\n\n\n\n<ul class=\"wp-block-list\">\n<li>die Merkmale einer Straftat aufweist<\/li>\n\n\n\n<li>die Merkmale einer Straftat aufweist, f\u00fcr die das Gesetz eine Geldstrafe von mehr als 100 000 CZK vorsieht<\/li>\n\n\n\n<li>gegen andere in \u00a7 2 Absatz 1 Buchstabe d) des Gesetzes aufgef\u00fchrte Rechtsvorschriften verst\u00f6\u00dft.<\/li>\n<\/ul>\n\n\n\n<p>Die zust\u00e4ndige Person nimmt die Meldungen entgegen, bewertet sie und verf\u00e4hrt insbesondere nach den \u00a7\u00a7 11 und 12 des Gesetzes.<\/p>\n\n\n\n<p>Die eingereichte Meldung darf nicht anonym sein und muss den Namen, den Vornamen und das Geburtsdatum oder andere Angaben enthalten, aus denen die Identit\u00e4t des Meldenden abgeleitet werden kann.<\/p>\n\n\n\n<p>Plze\u0148sk\u00e1 d\u00edlo, v\u00fdrobn\u00ed dru\u017estvo hat ein internes Notifizierungssystem f\u00fcr alle im Rahmen des Gesetzes eingereichten Notifizierungen eingerichtet und zu diesem Zweck die folgenden Notifizierungsmethoden festgelegt:<\/p>\n\n\n\n<ul class=\"wp-block-list\">\n<li>auf elektronischem Wege an die E-Mail-Adresse oznameni@plzenske-dilo.cz<\/li>\n\n\n\n<li>schriftlich an die Adresse des Arbeitgebers Plze\u0148sk\u00e9 d\u00edlo, v.d., Skladov\u00e1 2291\/8, Plze\u0148 326 00, mit dem sichtbaren Vermerk \u201eNICHT \u00d6FFNEN, zu H\u00e4nden der zust\u00e4ndigen Person\u201c<\/li>\n\n\n\n<li>oder telefonisch unter der Nummer der betreffenden Person, Montag bis Freitag von 8:00 bis 15:00 Uhr.<\/li>\n\n\n\n<li>pers\u00f6nlich, wenn der Anmelder dies w\u00fcnscht<\/li>\n<\/ul>\n\n\n\n<p>Wird eine Meldung \u00fcber andere als die oben genannten Kan\u00e4le eingereicht, kann die Gesellschaft nicht garantieren, dass die Identit\u00e4t des Meldenden und die in der Meldung enthaltenen Informationen gem\u00e4\u00df den gesetzlichen Bestimmungen gesch\u00fctzt werden.<\/p>\n\n\n\n<p><\/p>\n","protected":false},"excerpt":{"rendered":"<p>Im Einklang mit dem Gesetz Nr. 171\/2023 Slg. \u00fcber den Schutz von Hinweisgebern (im Folgenden als \u201eGesetz\u201c bezeichnet) f\u00fchrt Plze\u0148sk\u00e9 d\u00edlo, v\u00fdrobn\u00ed dru\u017estvo die Regeln des<span class=\"excerpt-hellip\"> [\u2026]<\/span><\/p>\n","protected":false},"author":43,"featured_media":0,"parent":0,"menu_order":0,"comment_status":"closed","ping_status":"closed","template":"","meta":{"footnotes":""},"class_list":["post-1342","page","type-page","status-publish","hentry"],"yoast_head":"<title>Internes Meldesystem - Plze\u0148sk\u00e9 d\u00edlo<\/title>\n<meta name=\"robots\" content=\"index, follow, max-snippet:-1, max-image-preview:large, max-video-preview:-1\" \/>\n<link rel=\"canonical\" href=\"https:\/\/www.plzenske-dilo.cz\/de\/internes-meldesystem\/\" \/>\n<meta property=\"og:locale\" content=\"de_DE\" \/>\n<meta property=\"og:type\" content=\"article\" \/>\n<meta property=\"og:title\" content=\"Internes Meldesystem - Plze\u0148sk\u00e9 d\u00edlo\" \/>\n<meta property=\"og:description\" content=\"Im Einklang mit dem Gesetz Nr. 171\/2023 Slg. \u00fcber den Schutz von Hinweisgebern (im Folgenden als \u201eGesetz\u201c bezeichnet) f\u00fchrt Plze\u0148sk\u00e9 d\u00edlo, v\u00fdrobn\u00ed dru\u017estvo die Regeln des [\u2026]\" \/>\n<meta property=\"og:url\" content=\"https:\/\/www.plzenske-dilo.cz\/de\/internes-meldesystem\/\" \/>\n<meta property=\"og:site_name\" content=\"Plze\u0148sk\u00e9 d\u00edlo\" \/>\n<meta property=\"article:modified_time\" content=\"2025-05-26T08:09:44+00:00\" \/>\n<meta name=\"twitter:card\" content=\"summary_large_image\" \/>\n<meta name=\"twitter:label1\" content=\"Gesch\u00e4tzte Lesezeit\" \/>\n\t<meta name=\"twitter:data1\" content=\"3\u00a0Minuten\" \/>\n<script type=\"application\/ld+json\" class=\"yoast-schema-graph\">{\"@context\":\"https:\/\/schema.org\",\"@graph\":[{\"@type\":\"WebPage\",\"@id\":\"https:\/\/www.plzenske-dilo.cz\/de\/internes-meldesystem\/\",\"url\":\"https:\/\/www.plzenske-dilo.cz\/de\/internes-meldesystem\/\",\"name\":\"Internes Meldesystem - Plze\u0148sk\u00e9 d\u00edlo\",\"isPartOf\":{\"@id\":\"https:\/\/www.plzenske-dilo.cz\/#website\"},\"datePublished\":\"2025-05-26T08:09:43+00:00\",\"dateModified\":\"2025-05-26T08:09:44+00:00\",\"breadcrumb\":{\"@id\":\"https:\/\/www.plzenske-dilo.cz\/de\/internes-meldesystem\/#breadcrumb\"},\"inLanguage\":\"de\",\"potentialAction\":[{\"@type\":\"ReadAction\",\"target\":[\"https:\/\/www.plzenske-dilo.cz\/de\/internes-meldesystem\/\"]}]},{\"@type\":\"BreadcrumbList\",\"@id\":\"https:\/\/www.plzenske-dilo.cz\/de\/internes-meldesystem\/#breadcrumb\",\"itemListElement\":[{\"@type\":\"ListItem\",\"position\":1,\"name\":\"Dom\u016f\",\"item\":\"https:\/\/www.plzenske-dilo.cz\/de\/\"},{\"@type\":\"ListItem\",\"position\":2,\"name\":\"Internes Meldesystem\"}]},{\"@type\":\"WebSite\",\"@id\":\"https:\/\/www.plzenske-dilo.cz\/#website\",\"url\":\"https:\/\/www.plzenske-dilo.cz\/\",\"name\":\"Plze\u0148sk\u00e9 d\u00edlo\",\"description\":\"Dal\u0161\u00ed nov\u00fd web v r\u00e1mci s\u00edt\u011b OctoPlus.cz Demo\",\"potentialAction\":[{\"@type\":\"SearchAction\",\"target\":{\"@type\":\"EntryPoint\",\"urlTemplate\":\"https:\/\/www.plzenske-dilo.cz\/?s={search_term_string}\"},\"query-input\":{\"@type\":\"PropertyValueSpecification\",\"valueRequired\":true,\"valueName\":\"search_term_string\"}}],\"inLanguage\":\"de\"}]}<\/script>","yoast_head_json":{"title":"Internes Meldesystem - Plze\u0148sk\u00e9 d\u00edlo","robots":{"index":"index","follow":"follow","max-snippet":"max-snippet:-1","max-image-preview":"max-image-preview:large","max-video-preview":"max-video-preview:-1"},"canonical":"https:\/\/www.plzenske-dilo.cz\/de\/internes-meldesystem\/","og_locale":"de_DE","og_type":"article","og_title":"Internes Meldesystem - Plze\u0148sk\u00e9 d\u00edlo","og_description":"Im Einklang mit dem Gesetz Nr. 171\/2023 Slg. \u00fcber den Schutz von Hinweisgebern (im Folgenden als \u201eGesetz\u201c bezeichnet) f\u00fchrt Plze\u0148sk\u00e9 d\u00edlo, v\u00fdrobn\u00ed dru\u017estvo die Regeln des [\u2026]","og_url":"https:\/\/www.plzenske-dilo.cz\/de\/internes-meldesystem\/","og_site_name":"Plze\u0148sk\u00e9 d\u00edlo","article_modified_time":"2025-05-26T08:09:44+00:00","twitter_card":"summary_large_image","twitter_misc":{"Gesch\u00e4tzte Lesezeit":"3\u00a0Minuten"},"schema":{"@context":"https:\/\/schema.org","@graph":[{"@type":"WebPage","@id":"https:\/\/www.plzenske-dilo.cz\/de\/internes-meldesystem\/","url":"https:\/\/www.plzenske-dilo.cz\/de\/internes-meldesystem\/","name":"Internes Meldesystem - Plze\u0148sk\u00e9 d\u00edlo","isPartOf":{"@id":"https:\/\/www.plzenske-dilo.cz\/#website"},"datePublished":"2025-05-26T08:09:43+00:00","dateModified":"2025-05-26T08:09:44+00:00","breadcrumb":{"@id":"https:\/\/www.plzenske-dilo.cz\/de\/internes-meldesystem\/#breadcrumb"},"inLanguage":"de","potentialAction":[{"@type":"ReadAction","target":["https:\/\/www.plzenske-dilo.cz\/de\/internes-meldesystem\/"]}]},{"@type":"BreadcrumbList","@id":"https:\/\/www.plzenske-dilo.cz\/de\/internes-meldesystem\/#breadcrumb","itemListElement":[{"@type":"ListItem","position":1,"name":"Dom\u016f","item":"https:\/\/www.plzenske-dilo.cz\/de\/"},{"@type":"ListItem","position":2,"name":"Internes Meldesystem"}]},{"@type":"WebSite","@id":"https:\/\/www.plzenske-dilo.cz\/#website","url":"https:\/\/www.plzenske-dilo.cz\/","name":"Plze\u0148sk\u00e9 d\u00edlo","description":"Dal\u0161\u00ed nov\u00fd web v r\u00e1mci s\u00edt\u011b OctoPlus.cz Demo","potentialAction":[{"@type":"SearchAction","target":{"@type":"EntryPoint","urlTemplate":"https:\/\/www.plzenske-dilo.cz\/?s={search_term_string}"},"query-input":{"@type":"PropertyValueSpecification","valueRequired":true,"valueName":"search_term_string"}}],"inLanguage":"de"}]}},"_links":{"self":[{"href":"https:\/\/www.plzenske-dilo.cz\/de\/wp-json\/wp\/v2\/pages\/1342","targetHints":{"allow":["GET"]}}],"collection":[{"href":"https:\/\/www.plzenske-dilo.cz\/de\/wp-json\/wp\/v2\/pages"}],"about":[{"href":"https:\/\/www.plzenske-dilo.cz\/de\/wp-json\/wp\/v2\/types\/page"}],"author":[{"embeddable":true,"href":"https:\/\/www.plzenske-dilo.cz\/de\/wp-json\/wp\/v2\/users\/43"}],"replies":[{"embeddable":true,"href":"https:\/\/www.plzenske-dilo.cz\/de\/wp-json\/wp\/v2\/comments?post=1342"}],"version-history":[{"count":1,"href":"https:\/\/www.plzenske-dilo.cz\/de\/wp-json\/wp\/v2\/pages\/1342\/revisions"}],"predecessor-version":[{"id":1343,"href":"https:\/\/www.plzenske-dilo.cz\/de\/wp-json\/wp\/v2\/pages\/1342\/revisions\/1343"}],"wp:attachment":[{"href":"https:\/\/www.plzenske-dilo.cz\/de\/wp-json\/wp\/v2\/media?parent=1342"}],"curies":[{"name":"wp","href":"https:\/\/api.w.org\/{rel}","templated":true}]}}