{"id":527,"date":"2017-05-03T08:21:58","date_gmt":"2017-05-03T07:21:58","guid":{"rendered":"http:\/\/www.plzenske-dilo.cz\/de\/?page_id=527"},"modified":"2024-12-02T11:42:55","modified_gmt":"2024-12-02T10:42:55","slug":"domu","status":"publish","type":"page","link":"https:\/\/www.plzenske-dilo.cz\/de\/","title":{"rendered":"Dom\u016f"},"content":{"rendered":"<div class=\"wpb-content-wrapper\"><p>[vc_row][vc_column][rev_slider_vc alias=&#8221;slider-de&#8221;][\/vc_column][\/vc_row][vc_row css=&#8221;.vc_custom_1459347145220{padding-top: 30px !important;padding-bottom: 30px !important;}&#8221;][vc_column width=&#8221;1\/2&#8243;][vc_column_text]<\/p>\n<h1 style=\"text-align: center\"><span style=\"font-family: 'Calibri',sans-serif\">Thermoplastverarbeitung<\/span><\/h1>\n<p>[\/vc_column_text]<div class=\"photo_box \"><div class=\"image_frame\"><div class=\"image_wrapper\"><a href=\"http:\/\/www.plzenske-dilo.cz\/termoplasty\/\"  title=\"\"><div class=\"mask\"><\/div><img loading=\"lazy\" decoding=\"async\" class=\"scale-with-grid\" src=\"https:\/\/www.plzenske-dilo.cz\/wp-content\/uploads\/sites\/78\/2015\/11\/termoplasty.jpg\" alt=\"termoplasty\" width=\"567\" height=\"151\"\/><\/a><\/div><\/div><div class=\"desc\">Thermoplastische Materialien werden im Betrieb in Plze\u0148 verarbeitet. Im Maschinenpark im Hauptsitz der Firma in Plze\u0148 befinden sich 29 Stck. Spritzgie\u00dfmaschinen, mit einer Schlie\u00dfkraft von 40 \u2013 400to.<\/div><\/div>\n[vc_btn title=&#8221;Thermoplastverarbeitung&#8221; style=&#8221;custom&#8221; custom_background=&#8221;#223266&#8243; custom_text=&#8221;#ffffff&#8221; align=&#8221;center&#8221; link=&#8221;url:%2Ftermoplasty%2F||&#8221;][\/vc_column][vc_column width=&#8221;1\/2&#8243;][vc_column_text]<\/p>\n<h1 style=\"text-align: center\"><span style=\"font-family: 'Calibri',sans-serif\">Duroplastverarbeitung<\/span><\/h1>\n<p>[\/vc_column_text]<div class=\"photo_box \"><div class=\"image_frame\"><div class=\"image_wrapper\"><a href=\"http:\/\/www.plzenske-dilo.cz\/termosety\/\"  title=\"\"><div class=\"mask\"><\/div><img loading=\"lazy\" decoding=\"async\" class=\"scale-with-grid\" src=\"https:\/\/www.plzenske-dilo.cz\/wp-content\/uploads\/sites\/78\/2015\/11\/termosety.jpg\" alt=\"termosety\" width=\"1670\" height=\"444\"\/><\/a><\/div><\/div><div class=\"desc\">In Velhartice in unserem Presswerk stehen insgesamt 25 hydraulischen Pressen mit einer<br \/>\nPresskraft von 45, 100, 160, 200, 250, 350, 400, 500 a 600to. <\/div><\/div>\n[vc_btn title=&#8221;Duroplastverarbeitung&#8221; style=&#8221;custom&#8221; custom_background=&#8221;#223266&#8243; custom_text=&#8221;#ffffff&#8221; align=&#8221;center&#8221; link=&#8221;url:%2Ftermosety%2F||&#8221;][\/vc_column][\/vc_row][vc_row css=&#8221;.vc_custom_1446580444077{padding-top: 40px !important;padding-bottom: 40px !important;}&#8221;][vc_column width=&#8221;1\/2&#8243;][vc_images_carousel images=&#8221;807,808,809,810&#8243; img_size=&#8221;582&#215;388&#8243;][\/vc_column][vc_column width=&#8221;1\/2&#8243;][vc_column_text]<\/p>\n<h2>Plze\u0148sk\u00e9 d\u00edlo,v.d.<\/h2>\n<p><strong>Traditionsunternehmen mit dem Gr\u00fcndungsjahr 1945<\/strong><\/p>\n<p><strong>Produktionstechnologie:<\/strong><\/p>\n<ul>\n<li>Verspritzen von Thermoplasten, auch inklusive Stickstoffunterst\u00fctzung<\/li>\n<li>Zwei-Komponenten Spritzgie\u00dfen<\/li>\n<li>Umspritzen von Einlegeteilen<\/li>\n<li>Verpressen von SMC und BMC Materialien<\/li>\n<li>Montage, Weiterverarbeitung, Konfektionierung bis zur Komplettl\u00f6sung mit Auftragsabwicklung und Logistik<\/li>\n<li>Zusammenarbeit in der Formenherstellung mit qualifizierten Firmen<\/li>\n<\/ul>\n<p>im Inland mit nachfolgender Instandsetzung und Pflege<\/p>\n<ul>\n<li>Im Maschinenpark mit modernsten Spritzgie\u00dfmaschinen wie, Arburg und Kraus-Maffei produzieren wir anspruchsvolle Kunststoffteile. Dadurch sichern wir unseren Kunden im Inland und Ausland die h\u00f6chste Finalqualit\u00e4t<\/li>\n<li>\u00dcberwiegende Anteile der Produktion exportieren wir in die L\u00e4nder der Europ\u00e4ischen Union<\/li>\n<\/ul>\n<p>Unsere hochqualitativen Produkte sind auf dem neuesten Entwicklungsstand und das Qualit\u00e4tssystem ist nach DIN ISO EN 9001 zertifiziert. Dabei werden alle Standarts wie, REACH und RoHS ber\u00fccksichtigt.<\/p>\n<p>[\/vc_column_text][vc_single_image image=&#8221;1036&#8243;][\/vc_column][\/vc_row][vc_row full_width=&#8221;stretch_row_content&#8221;][vc_column css=&#8221;.vc_custom_1446580737264{padding-bottom: 50px !important;}&#8221;][vc_column_text]<\/p>\n<h2 style=\"text-align: center\">Plze\u0148sk\u00e9 d\u00edlo,v.d.<\/h2>\n<h3 style=\"text-align: center\">wir liefern unsere Produkte in&#8230;<\/h3>\n<p>[\/vc_column_text][vc_row_inner][vc_column_inner][vc_single_image image=&#8221;811&#8243; img_size=&#8221;full&#8221; alignment=&#8221;center&#8221;][\/vc_column_inner][\/vc_row_inner][\/vc_column][\/vc_row][vc_row][vc_column][vc_row_inner][vc_column_inner][vc_column_text]<\/p>\n<p style=\"text-align: center\">Dokumente<\/p>\n<p>[\/vc_column_text][\/vc_column_inner][\/vc_row_inner][vc_row_inner][vc_column_inner][vc_masonry_media_grid element_width=&#8221;3&#8243; grid_id=&#8221;vc_gid:1733136138882-ded5f6b0-2d41-9&#8243; include=&#8221;1185,1188,814,950,812,1233&#8243;][\/vc_column_inner][\/vc_row_inner][\/vc_column][\/vc_row][vc_row full_width=&#8221;stretch_row&#8221; css=&#8221;.vc_custom_1450777223954{padding-top: 50px !important;padding-right: 10px !important;padding-left: 10px !important;background-image: url(https:\/\/www.plzenske-dilo.cz\/wp-content\/uploads\/sites\/78\/2014\/12\/home_energy_footer_bgd.jpg?id=39) !important;background-position: center !important;background-repeat: no-repeat !important;background-size: cover !important;}&#8221;][vc_column css=&#8221;.vc_custom_1446583222680{padding-bottom: 30px !important;}&#8221;][vc_column_text css=&#8221;&#8221; el_class=&#8221;dark&#8221;]<\/p>\n<h2 style=\"text-align: center\"><span style=\"font-family: 'Calibri',sans-serif\">Haben wir Ihr Interesse an der Zusammenarbeit mit uns geweckt?<\/span><\/h2>\n<h3 style=\"text-align: center\">Rufen Sie an: +420 731 670 176<\/h3>\n<p style=\"text-align: center\">Skladov\u00e1 8,\u00a0326 00 Pilsen, Tschechische Republik\u00a0 |\u00a0 IdNr.: 00028878, USt-IdNr.: CZ00028878 \u00a0| \u00a0<a href=\"mailto:info@plzenske-dilo.cz\">info@plzenske-dilo.cz<\/a><\/p>\n<p>[\/vc_column_text][vc_btn title=&#8221;Kontakte&#8221; style=&#8221;custom&#8221; custom_background=&#8221;#223266&#8243; custom_text=&#8221;#ffffff&#8221; align=&#8221;center&#8221; link=&#8221;url:%2Fkontakty%2F||&#8221;][\/vc_column][\/vc_row]<\/p>\n<\/div>","protected":false},"excerpt":{"rendered":"<p>[vc_row][vc_column][rev_slider_vc alias=&#8221;slider-de&#8221;][\/vc_column][\/vc_row][vc_row css=&#8221;.vc_custom_1459347145220{padding-top: 30px !important;padding-bottom: 30px !important;}&#8221;][vc_column width=&#8221;1\/2&#8243;][vc_column_text] Thermoplastverarbeitung [\/vc_column_text][vc_btn title=&#8221;Thermoplastverarbeitung&#8221; style=&#8221;custom&#8221; custom_background=&#8221;#223266&#8243; custom_text=&#8221;#ffffff&#8221; align=&#8221;center&#8221; link=&#8221;url:%2Ftermoplasty%2F||&#8221;][\/vc_column][vc_column width=&#8221;1\/2&#8243;][vc_column_text] Duroplastverarbeitung [\/vc_column_text][vc_btn title=&#8221;Duroplastverarbeitung&#8221; style=&#8221;custom&#8221; custom_background=&#8221;#223266&#8243; custom_text=&#8221;#ffffff&#8221; align=&#8221;center&#8221; link=&#8221;url:%2Ftermosety%2F||&#8221;][\/vc_column][\/vc_row][vc_row css=&#8221;.vc_custom_1446580444077{padding-top:<span class=\"excerpt-hellip\"> [\u2026]<\/span><\/p>\n","protected":false},"author":43,"featured_media":0,"parent":0,"menu_order":0,"comment_status":"closed","ping_status":"closed","template":"","meta":{"footnotes":""},"class_list":["post-527","page","type-page","status-publish","hentry"],"yoast_head":"<title>Dom\u016f - Plze\u0148sk\u00e9 d\u00edlo<\/title>\n<meta name=\"robots\" content=\"index, follow, max-snippet:-1, max-image-preview:large, max-video-preview:-1\" \/>\n<link rel=\"canonical\" href=\"https:\/\/www.plzenske-dilo.cz\/de\/\" \/>\n<meta property=\"og:locale\" content=\"de_DE\" \/>\n<meta property=\"og:type\" content=\"article\" \/>\n<meta property=\"og:title\" content=\"Dom\u016f - Plze\u0148sk\u00e9 d\u00edlo\" \/>\n<meta property=\"og:description\" content=\"[vc_row][vc_column][rev_slider_vc alias=&#8221;slider-de&#8221;][\/vc_column][\/vc_row][vc_row css=&#8221;.vc_custom_1459347145220{padding-top: 30px !important;padding-bottom: 30px !important;}&#8221;][vc_column width=&#8221;1\/2&#8243;][vc_column_text] Thermoplastverarbeitung [\/vc_column_text][vc_btn title=&#8221;Thermoplastverarbeitung&#8221; style=&#8221;custom&#8221; custom_background=&#8221;#223266&#8243; custom_text=&#8221;#ffffff&#8221; align=&#8221;center&#8221; link=&#8221;url:%2Ftermoplasty%2F||&#8221;][\/vc_column][vc_column width=&#8221;1\/2&#8243;][vc_column_text] Duroplastverarbeitung [\/vc_column_text][vc_btn title=&#8221;Duroplastverarbeitung&#8221; style=&#8221;custom&#8221; custom_background=&#8221;#223266&#8243; custom_text=&#8221;#ffffff&#8221; align=&#8221;center&#8221; link=&#8221;url:%2Ftermosety%2F||&#8221;][\/vc_column][\/vc_row][vc_row css=&#8221;.vc_custom_1446580444077{padding-top: [\u2026]\" \/>\n<meta property=\"og:url\" content=\"https:\/\/www.plzenske-dilo.cz\/de\/\" \/>\n<meta property=\"og:site_name\" content=\"Plze\u0148sk\u00e9 d\u00edlo\" \/>\n<meta property=\"article:modified_time\" content=\"2024-12-02T10:42:55+00:00\" \/>\n<meta name=\"twitter:card\" content=\"summary_large_image\" \/>\n<meta name=\"twitter:label1\" content=\"Gesch\u00e4tzte Lesezeit\" \/>\n\t<meta name=\"twitter:data1\" content=\"5\u00a0Minuten\" \/>\n<script type=\"application\/ld+json\" class=\"yoast-schema-graph\">{\"@context\":\"https:\/\/schema.org\",\"@graph\":[{\"@type\":\"WebPage\",\"@id\":\"https:\/\/www.plzenske-dilo.cz\/de\/\",\"url\":\"https:\/\/www.plzenske-dilo.cz\/de\/\",\"name\":\"Dom\u016f - Plze\u0148sk\u00e9 d\u00edlo\",\"isPartOf\":{\"@id\":\"https:\/\/www.plzenske-dilo.cz\/#website\"},\"datePublished\":\"2017-05-03T07:21:58+00:00\",\"dateModified\":\"2024-12-02T10:42:55+00:00\",\"breadcrumb\":{\"@id\":\"https:\/\/www.plzenske-dilo.cz\/de\/#breadcrumb\"},\"inLanguage\":\"de\",\"potentialAction\":[{\"@type\":\"ReadAction\",\"target\":[\"https:\/\/www.plzenske-dilo.cz\/de\/\"]}]},{\"@type\":\"BreadcrumbList\",\"@id\":\"https:\/\/www.plzenske-dilo.cz\/de\/#breadcrumb\",\"itemListElement\":[{\"@type\":\"ListItem\",\"position\":1,\"name\":\"Dom\u016f\",\"item\":\"https:\/\/www.plzenske-dilo.cz\/de\/\"},{\"@type\":\"ListItem\",\"position\":2,\"name\":\"Dom\u016f\"}]},{\"@type\":\"WebSite\",\"@id\":\"https:\/\/www.plzenske-dilo.cz\/#website\",\"url\":\"https:\/\/www.plzenske-dilo.cz\/\",\"name\":\"Plze\u0148sk\u00e9 d\u00edlo\",\"description\":\"Dal\u0161\u00ed nov\u00fd web v r\u00e1mci s\u00edt\u011b OctoPlus.cz Demo\",\"potentialAction\":[{\"@type\":\"SearchAction\",\"target\":{\"@type\":\"EntryPoint\",\"urlTemplate\":\"https:\/\/www.plzenske-dilo.cz\/?s={search_term_string}\"},\"query-input\":{\"@type\":\"PropertyValueSpecification\",\"valueRequired\":true,\"valueName\":\"search_term_string\"}}],\"inLanguage\":\"de\"}]}<\/script>","yoast_head_json":{"title":"Dom\u016f - Plze\u0148sk\u00e9 d\u00edlo","robots":{"index":"index","follow":"follow","max-snippet":"max-snippet:-1","max-image-preview":"max-image-preview:large","max-video-preview":"max-video-preview:-1"},"canonical":"https:\/\/www.plzenske-dilo.cz\/de\/","og_locale":"de_DE","og_type":"article","og_title":"Dom\u016f - Plze\u0148sk\u00e9 d\u00edlo","og_description":"[vc_row][vc_column][rev_slider_vc alias=&#8221;slider-de&#8221;][\/vc_column][\/vc_row][vc_row css=&#8221;.vc_custom_1459347145220{padding-top: 30px !important;padding-bottom: 30px !important;}&#8221;][vc_column width=&#8221;1\/2&#8243;][vc_column_text] Thermoplastverarbeitung [\/vc_column_text][vc_btn title=&#8221;Thermoplastverarbeitung&#8221; style=&#8221;custom&#8221; custom_background=&#8221;#223266&#8243; custom_text=&#8221;#ffffff&#8221; align=&#8221;center&#8221; link=&#8221;url:%2Ftermoplasty%2F||&#8221;][\/vc_column][vc_column width=&#8221;1\/2&#8243;][vc_column_text] Duroplastverarbeitung [\/vc_column_text][vc_btn title=&#8221;Duroplastverarbeitung&#8221; style=&#8221;custom&#8221; custom_background=&#8221;#223266&#8243; custom_text=&#8221;#ffffff&#8221; align=&#8221;center&#8221; link=&#8221;url:%2Ftermosety%2F||&#8221;][\/vc_column][\/vc_row][vc_row css=&#8221;.vc_custom_1446580444077{padding-top: [\u2026]","og_url":"https:\/\/www.plzenske-dilo.cz\/de\/","og_site_name":"Plze\u0148sk\u00e9 d\u00edlo","article_modified_time":"2024-12-02T10:42:55+00:00","twitter_card":"summary_large_image","twitter_misc":{"Gesch\u00e4tzte Lesezeit":"5\u00a0Minuten"},"schema":{"@context":"https:\/\/schema.org","@graph":[{"@type":"WebPage","@id":"https:\/\/www.plzenske-dilo.cz\/de\/","url":"https:\/\/www.plzenske-dilo.cz\/de\/","name":"Dom\u016f - Plze\u0148sk\u00e9 d\u00edlo","isPartOf":{"@id":"https:\/\/www.plzenske-dilo.cz\/#website"},"datePublished":"2017-05-03T07:21:58+00:00","dateModified":"2024-12-02T10:42:55+00:00","breadcrumb":{"@id":"https:\/\/www.plzenske-dilo.cz\/de\/#breadcrumb"},"inLanguage":"de","potentialAction":[{"@type":"ReadAction","target":["https:\/\/www.plzenske-dilo.cz\/de\/"]}]},{"@type":"BreadcrumbList","@id":"https:\/\/www.plzenske-dilo.cz\/de\/#breadcrumb","itemListElement":[{"@type":"ListItem","position":1,"name":"Dom\u016f","item":"https:\/\/www.plzenske-dilo.cz\/de\/"},{"@type":"ListItem","position":2,"name":"Dom\u016f"}]},{"@type":"WebSite","@id":"https:\/\/www.plzenske-dilo.cz\/#website","url":"https:\/\/www.plzenske-dilo.cz\/","name":"Plze\u0148sk\u00e9 d\u00edlo","description":"Dal\u0161\u00ed nov\u00fd web v r\u00e1mci s\u00edt\u011b OctoPlus.cz Demo","potentialAction":[{"@type":"SearchAction","target":{"@type":"EntryPoint","urlTemplate":"https:\/\/www.plzenske-dilo.cz\/?s={search_term_string}"},"query-input":{"@type":"PropertyValueSpecification","valueRequired":true,"valueName":"search_term_string"}}],"inLanguage":"de"}]}},"_links":{"self":[{"href":"https:\/\/www.plzenske-dilo.cz\/de\/wp-json\/wp\/v2\/pages\/527","targetHints":{"allow":["GET"]}}],"collection":[{"href":"https:\/\/www.plzenske-dilo.cz\/de\/wp-json\/wp\/v2\/pages"}],"about":[{"href":"https:\/\/www.plzenske-dilo.cz\/de\/wp-json\/wp\/v2\/types\/page"}],"author":[{"embeddable":true,"href":"https:\/\/www.plzenske-dilo.cz\/de\/wp-json\/wp\/v2\/users\/43"}],"replies":[{"embeddable":true,"href":"https:\/\/www.plzenske-dilo.cz\/de\/wp-json\/wp\/v2\/comments?post=527"}],"version-history":[{"count":14,"href":"https:\/\/www.plzenske-dilo.cz\/de\/wp-json\/wp\/v2\/pages\/527\/revisions"}],"predecessor-version":[{"id":1288,"href":"https:\/\/www.plzenske-dilo.cz\/de\/wp-json\/wp\/v2\/pages\/527\/revisions\/1288"}],"wp:attachment":[{"href":"https:\/\/www.plzenske-dilo.cz\/de\/wp-json\/wp\/v2\/media?parent=527"}],"curies":[{"name":"wp","href":"https:\/\/api.w.org\/{rel}","templated":true}]}}