{"id":537,"date":"2017-05-03T08:35:24","date_gmt":"2017-05-03T07:35:24","guid":{"rendered":"http:\/\/www.plzenske-dilo.cz\/de\/?page_id=537"},"modified":"2025-05-26T08:52:18","modified_gmt":"2025-05-26T07:52:18","slug":"kontakty","status":"publish","type":"page","link":"https:\/\/www.plzenske-dilo.cz\/de\/kontakty\/","title":{"rendered":"Kontakte"},"content":{"rendered":"<div class=\"wpb-content-wrapper\"><p>[vc_row][vc_column][vc_column_text css=&#8221;&#8221;]<\/p>\n<h3><span style=\"color: #ff0000\">ACHTUNG, wir benutzen nur Handys<\/span><\/h3>\n<p>[\/vc_column_text][\/vc_column][\/vc_row][vc_row css=&#8221;.vc_custom_1446630848557{padding-top: 40px !important;padding-bottom: 40px !important;}&#8221;][vc_column width=&#8221;1\/2&#8243; css=&#8221;.vc_custom_1446631124898{padding-right: 60px !important;padding-left: 60px !important;}&#8221;][vc_column_text css=&#8221;&#8221;]<\/p>\n<h2>Unsere Adrese<\/h2>\n<h3>Plze\u0148sk\u00e9 d\u00edlo v.d.<\/h3>\n<p>Skladov\u00e1 8<br \/>\n326 00 Plze\u0148<br \/>\n\u010cesk\u00e1 republika<\/p>\n<p>GPS 49\u00b043&#8217;26.324&#8243;N, 13\u00b024&#8217;39.34&#8243;E<\/p>\n<p>I\u010c: 00028878, DI\u010c: CZ00028878<br \/>\nDru\u017estvo je zapsan\u00e9 v obchodn\u00edm rejst\u0159\u00edku Krajsk\u00e9ho soudu v Plzni, odd\u00edl Dr XXVI, vlo\u017eka 7<\/p>\n<p>Tel: +420 731 670 176<br \/>\nE-mail: <a href=\"mailto:info@plzenske-dilo.cz\">info@plzenske-dilo.cz<\/a>[\/vc_column_text][vc_row_inner][vc_column_inner width=&#8221;1\/2&#8243;][vc_column_text css=&#8221;&#8221;]<strong>P\u0159edseda p\u0159edstavenstva<\/strong><br \/>\nIng. Ladislav Folk<\/p>\n<p><strong>Vedouc\u00ed obchodn\u00edho\/technick\u00e9ho odd\u011blen\u00ed<\/strong><br \/>\nIng. Stanislava \u010cern\u00e1<\/p>\n<p><strong>Odd\u011blen\u00ed n\u00e1kupu<\/strong><br \/>\nHavr\u00e1nkov\u00e1 Jana<br \/>\nGSM: +420 777 155 021<br \/>\n<a href=\"mailto:havrankova@plzenske-dilo.cz\">havrankova@plzenske-dilo.cz<\/a><\/p>\n<p>[\/vc_column_text][\/vc_column_inner][vc_column_inner width=&#8221;1\/2&#8243;][vc_column_text css=&#8221;&#8221;]<strong>Person\u00e1ln\u00ed odd\u011blen\u00ed<\/strong><br \/>\nJarom\u00edr \u010cern\u00fd\u00a0 DiS.<br \/>\nGSM: +420\u00a0777\u00a0155 027<br \/>\n<a href=\"mailto:cerny@plzenske-dilo.cz\">cerny@plzenske-dilo.cz<\/a><\/p>\n<p><strong>Asistentka obchodn\u00edho odd\u011blen\u00ed<\/strong><br \/>\nAd\u00e9la Sponnerov\u00e1<br \/>\nGSM: +420 777 108 691<br \/>\n<a href=\"mailto:lehocka@plzenske-dilo.cz\">sponnerova@plzenske-dilo.cz<\/a>[\/vc_column_text][\/vc_column_inner][\/vc_row_inner][\/vc_column][vc_column width=&#8221;1\/2&#8243;][vc_column_text]<\/p>\n<h2><strong>Haben wir Ihr Interesse an der Zusammenarbeit mit uns geweckt?<\/strong><\/h2>\n<h3><\/h3>\n<p>[\/vc_column_text]\n<div class=\"wpcf7 no-js\" id=\"wpcf7-f734-o1\" lang=\"de-DE\" dir=\"ltr\" data-wpcf7-id=\"734\">\n<div class=\"screen-reader-response\"><p role=\"status\" aria-live=\"polite\" aria-atomic=\"true\"><\/p> <ul><\/ul><\/div>\n<form action=\"\/de\/wp-json\/wp\/v2\/pages\/537#wpcf7-f734-o1\" method=\"post\" class=\"wpcf7-form init\" aria-label=\"Kontaktformular\" novalidate=\"novalidate\" data-status=\"init\">\n<fieldset class=\"hidden-fields-container\"><input type=\"hidden\" name=\"_wpcf7\" value=\"734\" \/><input type=\"hidden\" name=\"_wpcf7_version\" value=\"6.1.5\" \/><input type=\"hidden\" name=\"_wpcf7_locale\" value=\"de_DE\" \/><input type=\"hidden\" name=\"_wpcf7_unit_tag\" value=\"wpcf7-f734-o1\" \/><input type=\"hidden\" name=\"_wpcf7_container_post\" value=\"0\" \/><input type=\"hidden\" name=\"_wpcf7_posted_data_hash\" value=\"\" \/><input type=\"hidden\" name=\"_wpcf7_recaptcha_response\" value=\"\" \/>\n<\/fieldset>\n<p>Ihr Vor- und Nachname\n<\/p>\n<p><span class=\"wpcf7-form-control-wrap\" data-name=\"your-name\"><input size=\"40\" maxlength=\"400\" class=\"wpcf7-form-control wpcf7-text wpcf7-validates-as-required\" aria-required=\"true\" aria-invalid=\"false\" value=\"\" type=\"text\" name=\"your-name\" \/><\/span>\n<\/p>\n<p>Ihre E-mail-Adresse\n<\/p>\n<p><span class=\"wpcf7-form-control-wrap\" data-name=\"your-email\"><input size=\"40\" maxlength=\"400\" class=\"wpcf7-form-control wpcf7-email wpcf7-validates-as-required wpcf7-text wpcf7-validates-as-email\" aria-required=\"true\" aria-invalid=\"false\" value=\"\" type=\"email\" name=\"your-email\" \/><\/span>\n<\/p>\n<p>Betreff\n<\/p>\n<p><span class=\"wpcf7-form-control-wrap\" data-name=\"your-subject\"><input size=\"40\" maxlength=\"400\" class=\"wpcf7-form-control wpcf7-text\" aria-invalid=\"false\" value=\"\" type=\"text\" name=\"your-subject\" \/><\/span>\n<\/p>\n<p>Nachricht\n<\/p>\n<p><span class=\"wpcf7-form-control-wrap\" data-name=\"your-message\"><textarea cols=\"40\" rows=\"10\" maxlength=\"2000\" class=\"wpcf7-form-control wpcf7-textarea\" aria-invalid=\"false\" name=\"your-message\"><\/textarea><\/span>\n<\/p>\n<p><span class=\"wpcf7-form-control-wrap wpgdprc\"><span class=\"wpcf7-form-control wpcf7-wpgdprc wpcf7-validates-as-required\"><span class=\"wpcf7-list-item\"><input type=\"checkbox\" name=\"wpgdprc\" value=\"1\" aria-required=\"true\" aria-invalid=\"false\" \/><span class=\"wpcf7-list-item-label\">Ich habe die Mitteilung zum Datenschutz gelesen und stimme der Verarbeitung meiner personenbezogenen Daten zu.<\/span><\/span><\/span>    <\/span><a href=\"\/souhlas-se-zpracovanim-osobnich-udaju\/\" target=\"_blank\" rel=\"noopener\">Datenschutz<\/a>\n<\/p>\n\n<p><input class=\"wpcf7-form-control wpcf7-submit has-spinner\" type=\"submit\" value=\"NACHRICHT SENDEN\" \/>\n<\/p><div class=\"wpcf7-response-output\" aria-hidden=\"true\"><\/div>\n<\/form>\n<\/div>\n[\/vc_column][vc_column][\/vc_column][vc_column][\/vc_column][\/vc_row][vc_row][vc_column][vc_column_text]<\/p>\n<p>[\/vc_column_text][vc_column_text css=&#8221;&#8221;]<\/p>\n<h4><a href=\"https:\/\/www.plzenske-dilo.cz\/oznameni\/\" data-wplink-edit=\"true\">Vnit\u0159n\u00ed oznamovac\u00ed syst\u00e9m<\/a><\/h4>\n<p>[\/vc_column_text][vc_column_text css=&#8221;&#8221;]<\/p>\n<h4><a href=\"https:\/\/www.plzenske-dilo.cz\/de\/ethikkodex\/\">Etick\u00fd kodex<\/a><\/h4>\n<p>[\/vc_column_text][\/vc_column][\/vc_row]<\/p>\n<\/div>","protected":false},"excerpt":{"rendered":"<p>[vc_row][vc_column][vc_column_text css=&#8221;&#8221;] ACHTUNG, wir benutzen nur Handys [\/vc_column_text][\/vc_column][\/vc_row][vc_row css=&#8221;.vc_custom_1446630848557{padding-top: 40px !important;padding-bottom: 40px !important;}&#8221;][vc_column width=&#8221;1\/2&#8243; css=&#8221;.vc_custom_1446631124898{padding-right: 60px !important;padding-left: 60px !important;}&#8221;][vc_column_text css=&#8221;&#8221;] Unsere Adrese Plze\u0148sk\u00e9 d\u00edlo v.d. Skladov\u00e1<span class=\"excerpt-hellip\"> [\u2026]<\/span><\/p>\n","protected":false},"author":1,"featured_media":0,"parent":0,"menu_order":0,"comment_status":"closed","ping_status":"closed","template":"","meta":{"footnotes":""},"class_list":["post-537","page","type-page","status-publish","hentry"],"yoast_head":"<title>Kontakte - Plze\u0148sk\u00e9 d\u00edlo<\/title>\n<meta name=\"robots\" content=\"index, follow, max-snippet:-1, max-image-preview:large, max-video-preview:-1\" \/>\n<link rel=\"canonical\" href=\"https:\/\/www.plzenske-dilo.cz\/de\/kontakty\/\" \/>\n<meta property=\"og:locale\" content=\"de_DE\" \/>\n<meta property=\"og:type\" content=\"article\" \/>\n<meta property=\"og:title\" content=\"Kontakte - Plze\u0148sk\u00e9 d\u00edlo\" \/>\n<meta property=\"og:description\" content=\"[vc_row][vc_column][vc_column_text css=&#8221;&#8221;] ACHTUNG, wir benutzen nur Handys [\/vc_column_text][\/vc_column][\/vc_row][vc_row css=&#8221;.vc_custom_1446630848557{padding-top: 40px !important;padding-bottom: 40px !important;}&#8221;][vc_column width=&#8221;1\/2&#8243; css=&#8221;.vc_custom_1446631124898{padding-right: 60px !important;padding-left: 60px !important;}&#8221;][vc_column_text css=&#8221;&#8221;] Unsere Adrese Plze\u0148sk\u00e9 d\u00edlo v.d. Skladov\u00e1 [\u2026]\" \/>\n<meta property=\"og:url\" content=\"https:\/\/www.plzenske-dilo.cz\/de\/kontakty\/\" \/>\n<meta property=\"og:site_name\" content=\"Plze\u0148sk\u00e9 d\u00edlo\" \/>\n<meta property=\"article:modified_time\" content=\"2025-05-26T07:52:18+00:00\" \/>\n<meta name=\"twitter:card\" content=\"summary_large_image\" \/>\n<meta name=\"twitter:label1\" content=\"Gesch\u00e4tzte Lesezeit\" \/>\n\t<meta name=\"twitter:data1\" content=\"1\u00a0Minute\" \/>\n<script type=\"application\/ld+json\" class=\"yoast-schema-graph\">{\"@context\":\"https:\/\/schema.org\",\"@graph\":[{\"@type\":\"WebPage\",\"@id\":\"https:\/\/www.plzenske-dilo.cz\/de\/kontakty\/\",\"url\":\"https:\/\/www.plzenske-dilo.cz\/de\/kontakty\/\",\"name\":\"Kontakte - Plze\u0148sk\u00e9 d\u00edlo\",\"isPartOf\":{\"@id\":\"https:\/\/www.plzenske-dilo.cz\/#website\"},\"datePublished\":\"2017-05-03T07:35:24+00:00\",\"dateModified\":\"2025-05-26T07:52:18+00:00\",\"breadcrumb\":{\"@id\":\"https:\/\/www.plzenske-dilo.cz\/de\/kontakty\/#breadcrumb\"},\"inLanguage\":\"de\",\"potentialAction\":[{\"@type\":\"ReadAction\",\"target\":[\"https:\/\/www.plzenske-dilo.cz\/de\/kontakty\/\"]}]},{\"@type\":\"BreadcrumbList\",\"@id\":\"https:\/\/www.plzenske-dilo.cz\/de\/kontakty\/#breadcrumb\",\"itemListElement\":[{\"@type\":\"ListItem\",\"position\":1,\"name\":\"Dom\u016f\",\"item\":\"https:\/\/www.plzenske-dilo.cz\/de\/\"},{\"@type\":\"ListItem\",\"position\":2,\"name\":\"Kontakte\"}]},{\"@type\":\"WebSite\",\"@id\":\"https:\/\/www.plzenske-dilo.cz\/#website\",\"url\":\"https:\/\/www.plzenske-dilo.cz\/\",\"name\":\"Plze\u0148sk\u00e9 d\u00edlo\",\"description\":\"Dal\u0161\u00ed nov\u00fd web v r\u00e1mci s\u00edt\u011b OctoPlus.cz Demo\",\"potentialAction\":[{\"@type\":\"SearchAction\",\"target\":{\"@type\":\"EntryPoint\",\"urlTemplate\":\"https:\/\/www.plzenske-dilo.cz\/?s={search_term_string}\"},\"query-input\":{\"@type\":\"PropertyValueSpecification\",\"valueRequired\":true,\"valueName\":\"search_term_string\"}}],\"inLanguage\":\"de\"}]}<\/script>","yoast_head_json":{"title":"Kontakte - Plze\u0148sk\u00e9 d\u00edlo","robots":{"index":"index","follow":"follow","max-snippet":"max-snippet:-1","max-image-preview":"max-image-preview:large","max-video-preview":"max-video-preview:-1"},"canonical":"https:\/\/www.plzenske-dilo.cz\/de\/kontakty\/","og_locale":"de_DE","og_type":"article","og_title":"Kontakte - Plze\u0148sk\u00e9 d\u00edlo","og_description":"[vc_row][vc_column][vc_column_text css=&#8221;&#8221;] ACHTUNG, wir benutzen nur Handys [\/vc_column_text][\/vc_column][\/vc_row][vc_row css=&#8221;.vc_custom_1446630848557{padding-top: 40px !important;padding-bottom: 40px !important;}&#8221;][vc_column width=&#8221;1\/2&#8243; css=&#8221;.vc_custom_1446631124898{padding-right: 60px !important;padding-left: 60px !important;}&#8221;][vc_column_text css=&#8221;&#8221;] Unsere Adrese Plze\u0148sk\u00e9 d\u00edlo v.d. Skladov\u00e1 [\u2026]","og_url":"https:\/\/www.plzenske-dilo.cz\/de\/kontakty\/","og_site_name":"Plze\u0148sk\u00e9 d\u00edlo","article_modified_time":"2025-05-26T07:52:18+00:00","twitter_card":"summary_large_image","twitter_misc":{"Gesch\u00e4tzte Lesezeit":"1\u00a0Minute"},"schema":{"@context":"https:\/\/schema.org","@graph":[{"@type":"WebPage","@id":"https:\/\/www.plzenske-dilo.cz\/de\/kontakty\/","url":"https:\/\/www.plzenske-dilo.cz\/de\/kontakty\/","name":"Kontakte - Plze\u0148sk\u00e9 d\u00edlo","isPartOf":{"@id":"https:\/\/www.plzenske-dilo.cz\/#website"},"datePublished":"2017-05-03T07:35:24+00:00","dateModified":"2025-05-26T07:52:18+00:00","breadcrumb":{"@id":"https:\/\/www.plzenske-dilo.cz\/de\/kontakty\/#breadcrumb"},"inLanguage":"de","potentialAction":[{"@type":"ReadAction","target":["https:\/\/www.plzenske-dilo.cz\/de\/kontakty\/"]}]},{"@type":"BreadcrumbList","@id":"https:\/\/www.plzenske-dilo.cz\/de\/kontakty\/#breadcrumb","itemListElement":[{"@type":"ListItem","position":1,"name":"Dom\u016f","item":"https:\/\/www.plzenske-dilo.cz\/de\/"},{"@type":"ListItem","position":2,"name":"Kontakte"}]},{"@type":"WebSite","@id":"https:\/\/www.plzenske-dilo.cz\/#website","url":"https:\/\/www.plzenske-dilo.cz\/","name":"Plze\u0148sk\u00e9 d\u00edlo","description":"Dal\u0161\u00ed nov\u00fd web v r\u00e1mci s\u00edt\u011b OctoPlus.cz Demo","potentialAction":[{"@type":"SearchAction","target":{"@type":"EntryPoint","urlTemplate":"https:\/\/www.plzenske-dilo.cz\/?s={search_term_string}"},"query-input":{"@type":"PropertyValueSpecification","valueRequired":true,"valueName":"search_term_string"}}],"inLanguage":"de"}]}},"_links":{"self":[{"href":"https:\/\/www.plzenske-dilo.cz\/de\/wp-json\/wp\/v2\/pages\/537","targetHints":{"allow":["GET"]}}],"collection":[{"href":"https:\/\/www.plzenske-dilo.cz\/de\/wp-json\/wp\/v2\/pages"}],"about":[{"href":"https:\/\/www.plzenske-dilo.cz\/de\/wp-json\/wp\/v2\/types\/page"}],"author":[{"embeddable":true,"href":"https:\/\/www.plzenske-dilo.cz\/de\/wp-json\/wp\/v2\/users\/1"}],"replies":[{"embeddable":true,"href":"https:\/\/www.plzenske-dilo.cz\/de\/wp-json\/wp\/v2\/comments?post=537"}],"version-history":[{"count":22,"href":"https:\/\/www.plzenske-dilo.cz\/de\/wp-json\/wp\/v2\/pages\/537\/revisions"}],"predecessor-version":[{"id":1336,"href":"https:\/\/www.plzenske-dilo.cz\/de\/wp-json\/wp\/v2\/pages\/537\/revisions\/1336"}],"wp:attachment":[{"href":"https:\/\/www.plzenske-dilo.cz\/de\/wp-json\/wp\/v2\/media?parent=537"}],"curies":[{"name":"wp","href":"https:\/\/api.w.org\/{rel}","templated":true}]}}