{"id":541,"date":"2015-12-22T08:53:59","date_gmt":"2015-12-22T07:53:59","guid":{"rendered":"http:\/\/www.plzenske-dilo.cz\/de\/o-nas-2\/"},"modified":"2024-02-28T13:31:12","modified_gmt":"2024-02-28T12:31:12","slug":"o-nas-2","status":"publish","type":"page","link":"https:\/\/www.plzenske-dilo.cz\/de\/o-nas-2\/","title":{"rendered":"Wer sind wir und was machen wir"},"content":{"rendered":"<div class=\"wpb-content-wrapper\"><p>[vc_row][vc_column width=&#8221;1\/2&#8243;][vc_column_text]Plze\u0148sk\u00e9 d\u00edlo, v.d. verarbeitet verschiedenste thermoplastische Materialien, wie PP, PE, PS, ABS, PA,\u00a0 PC, und weitere Elastomere. Au\u00dferdem verpressen wir duroplastische Materialien SMC, BMC und verarbeiten auch Bakelit. Im Bereich der Kunststoffverarbeitung verf\u00fcgen wir \u00fcber gro\u00dfe und langj\u00e4hrige Erfahrung und aus diesem Grund sind wir f\u00fcr viele Gesch\u00e4ftspartner und Kunden auch ein kompetenter Berater, nicht nur w\u00e4hrend der Produktion, sondern schon vor der Umsetzung des Projektes. Wir planen gemeinsam mit dem Kunden und so tragen wir sehr erfolgreich zu der Komplettl\u00f6sung des Projektes bei.<\/p>\n<p>Die individuelle Kommunikation erfolgt h\u00e4ufig auch mehrsprachig.<\/p>\n<p>Unser Produktionsfocus liegt im Bereich der Fertigung von anspruchsvollen technischen Teilen mit hohen Anforderungen an die Parameter der Belastbarkeit. Bei dem spezialisierten<\/p>\n<p>Spritzgussverfahren verwenden wir, je nach Anforderung und Wirtschaftlichkeit auch Stickstoff Spritzverfahren.<\/p>\n<p>Unsere Portofolio beinhaltet nicht nur Produkte f\u00fcr den Industriebereich sondern auch viele Produkte f\u00fcr den Verbrauchermarkt.<\/p>\n<p>Unser Dienstleistungsspektrum bietet den Interessenten und Kunden alle Leistungen, die\u00a0 den Wert f\u00fcr die h\u00f6chste Qualit\u00e4t erreichen.<\/p>\n<p>Im Maschinenpark im Hauptsitz der Firma in Plze\u0148 mit den modernsten 30 Stck. Spritzgie\u00dfmaschinen, wie Arburg, Kraus-Maffei und Battenfeld, mit neuesten Materialtrocknungsanlagen und optimierten Handlingssystem produzieren wir anspruchsvolle Kunststoffteile, die wir teilweise weiter einer Bearbeitung oder Montage unterziehen, konfektionisieren und anschlie\u00dfend verpacken und versenden.<\/p>\n<p>Wir bieten den Kunden nach seinen spezifischen Vorgaben das optimalste Verfahren, wobei die h\u00f6chste Qualit\u00e4tssicherung durch die Zertifizierung nach ISO EN 9001-2008 gew\u00e4hrleistet wird.<\/p>\n<p>&nbsp;<\/p>\n<p>In Velhartice in unserem Presswerk stehen insgesamt 25 hydraulischen Pressen mit einer<\/p>\n<p>Presskraft von 45, 100, 160, 200, 250, 350, 400, 500 a 600to. Die gr\u00f6\u00dfte Tischfl\u00e4che hat die Abmessung von 2000\u00d71500 mm. Aus den Materialien SMC und BMC \u2013 glasfaserverst\u00e4rkten Polyesterharze werden Teile \u00fcberwiegend f\u00fcr die Elektroindustrie produziert. Die Produktpalette beinhaltet verschiedene Kabelverteilerschr\u00e4nke f\u00fcr die Niederspannungs-anlagen, spezielle Anschlussdosen f\u00fcr den Explosion-Schutzbereich, Haushaltanschlusskasten f\u00fcr den Stromz\u00e4hler und Isolatoren.[\/vc_column_text][\/vc_column][vc_column width=&#8221;1\/2&#8243;][vc_single_image image=&#8221;968&#8243; img_size=&#8221;large&#8221;][\/vc_column][\/vc_row][vc_row][vc_column width=&#8221;1\/2&#8243;][vc_single_image image=&#8221;970&#8243; img_size=&#8221;large&#8221;][\/vc_column][vc_column width=&#8221;1\/2&#8243;][vc_column_text]<strong>Historie<\/strong><br \/>\n1943 \u2013 Firmengr\u00fcndung (30. 7. 1943)<\/p>\n<p>1945 \u2013 Handelsregistereintrag (12. 12. 1945)<\/p>\n<p>1957 \u2013 Installation der ersten Spritzgie\u00dfmaschinen in Plze\u0148<\/p>\n<p>1958 \u2013\u00a0Beginn der Produktion aus duroplastischem Material in Velhartice<\/p>\n<p>1961 \u2013 Start des Betriebes f\u00fcr Handlamination<\/p>\n<p>1971 \u2013 Bau des Produktionstandortes f\u00fcr Spritzgie\u00dfen in Skladova Stra\u00dfe in\u00a0Plze\u0148<\/p>\n<p>1972 \u2013 Konzentration der Produktion f\u00fcr Kunststoffverarbeitung der<\/p>\n<p>Thermoplastmaterialien auf dem Hauptsitz der Firma in Skladova Stra\u00dfe in\u00a0Plze\u0148<\/p>\n<p>1997 \u2013 Erweiterung der Produktion in Plze\u0148<\/p>\n<p>2004 \u2013 Erweiterung der Produktion in Velhartice<\/p>\n<p>2006 \u2013 2011 \u2013 Neuerwerb von hydraulischen Pressen von mehr als 350 t<\/p>\n<p>2008 \u2013 Einstieg in die 2-K Technologie[\/vc_column_text][\/vc_column][\/vc_row]<\/p>\n<\/div>","protected":false},"excerpt":{"rendered":"<p>[vc_row][vc_column width=&#8221;1\/2&#8243;][vc_column_text]Plze\u0148sk\u00e9 d\u00edlo, v.d. verarbeitet verschiedenste thermoplastische Materialien, wie PP, PE, PS, ABS, PA,\u00a0 PC, und weitere Elastomere. Au\u00dferdem verpressen wir duroplastische Materialien SMC, BMC und<span class=\"excerpt-hellip\"> [\u2026]<\/span><\/p>\n","protected":false},"author":1,"featured_media":0,"parent":0,"menu_order":0,"comment_status":"closed","ping_status":"closed","template":"","meta":{"footnotes":""},"class_list":["post-541","page","type-page","status-publish","hentry"],"yoast_head":"<title>Wer sind wir und was machen wir - Plze\u0148sk\u00e9 d\u00edlo<\/title>\n<meta name=\"robots\" content=\"index, follow, max-snippet:-1, max-image-preview:large, max-video-preview:-1\" \/>\n<link rel=\"canonical\" href=\"https:\/\/www.plzenske-dilo.cz\/de\/o-nas-2\/\" \/>\n<meta property=\"og:locale\" content=\"de_DE\" \/>\n<meta property=\"og:type\" content=\"article\" \/>\n<meta property=\"og:title\" content=\"Wer sind wir und was machen wir - Plze\u0148sk\u00e9 d\u00edlo\" \/>\n<meta property=\"og:description\" content=\"[vc_row][vc_column width=&#8221;1\/2&#8243;][vc_column_text]Plze\u0148sk\u00e9 d\u00edlo, v.d. verarbeitet verschiedenste thermoplastische Materialien, wie PP, PE, PS, ABS, PA,\u00a0 PC, und weitere Elastomere. Au\u00dferdem verpressen wir duroplastische Materialien SMC, BMC und [\u2026]\" \/>\n<meta property=\"og:url\" content=\"https:\/\/www.plzenske-dilo.cz\/de\/o-nas-2\/\" \/>\n<meta property=\"og:site_name\" content=\"Plze\u0148sk\u00e9 d\u00edlo\" \/>\n<meta property=\"article:modified_time\" content=\"2024-02-28T12:31:12+00:00\" \/>\n<meta name=\"twitter:card\" content=\"summary_large_image\" \/>\n<meta name=\"twitter:label1\" content=\"Gesch\u00e4tzte Lesezeit\" \/>\n\t<meta name=\"twitter:data1\" content=\"3\u00a0Minuten\" \/>\n<script type=\"application\/ld+json\" class=\"yoast-schema-graph\">{\"@context\":\"https:\/\/schema.org\",\"@graph\":[{\"@type\":\"WebPage\",\"@id\":\"https:\/\/www.plzenske-dilo.cz\/de\/o-nas-2\/\",\"url\":\"https:\/\/www.plzenske-dilo.cz\/de\/o-nas-2\/\",\"name\":\"Wer sind wir und was machen wir - Plze\u0148sk\u00e9 d\u00edlo\",\"isPartOf\":{\"@id\":\"https:\/\/www.plzenske-dilo.cz\/#website\"},\"datePublished\":\"2015-12-22T07:53:59+00:00\",\"dateModified\":\"2024-02-28T12:31:12+00:00\",\"breadcrumb\":{\"@id\":\"https:\/\/www.plzenske-dilo.cz\/de\/o-nas-2\/#breadcrumb\"},\"inLanguage\":\"de\",\"potentialAction\":[{\"@type\":\"ReadAction\",\"target\":[\"https:\/\/www.plzenske-dilo.cz\/de\/o-nas-2\/\"]}]},{\"@type\":\"BreadcrumbList\",\"@id\":\"https:\/\/www.plzenske-dilo.cz\/de\/o-nas-2\/#breadcrumb\",\"itemListElement\":[{\"@type\":\"ListItem\",\"position\":1,\"name\":\"Dom\u016f\",\"item\":\"https:\/\/www.plzenske-dilo.cz\/de\/\"},{\"@type\":\"ListItem\",\"position\":2,\"name\":\"Wer sind wir und was machen wir\"}]},{\"@type\":\"WebSite\",\"@id\":\"https:\/\/www.plzenske-dilo.cz\/#website\",\"url\":\"https:\/\/www.plzenske-dilo.cz\/\",\"name\":\"Plze\u0148sk\u00e9 d\u00edlo\",\"description\":\"Dal\u0161\u00ed nov\u00fd web v r\u00e1mci s\u00edt\u011b OctoPlus.cz Demo\",\"potentialAction\":[{\"@type\":\"SearchAction\",\"target\":{\"@type\":\"EntryPoint\",\"urlTemplate\":\"https:\/\/www.plzenske-dilo.cz\/?s={search_term_string}\"},\"query-input\":{\"@type\":\"PropertyValueSpecification\",\"valueRequired\":true,\"valueName\":\"search_term_string\"}}],\"inLanguage\":\"de\"}]}<\/script>","yoast_head_json":{"title":"Wer sind wir und was machen wir - Plze\u0148sk\u00e9 d\u00edlo","robots":{"index":"index","follow":"follow","max-snippet":"max-snippet:-1","max-image-preview":"max-image-preview:large","max-video-preview":"max-video-preview:-1"},"canonical":"https:\/\/www.plzenske-dilo.cz\/de\/o-nas-2\/","og_locale":"de_DE","og_type":"article","og_title":"Wer sind wir und was machen wir - Plze\u0148sk\u00e9 d\u00edlo","og_description":"[vc_row][vc_column width=&#8221;1\/2&#8243;][vc_column_text]Plze\u0148sk\u00e9 d\u00edlo, v.d. verarbeitet verschiedenste thermoplastische Materialien, wie PP, PE, PS, ABS, PA,\u00a0 PC, und weitere Elastomere. Au\u00dferdem verpressen wir duroplastische Materialien SMC, BMC und [\u2026]","og_url":"https:\/\/www.plzenske-dilo.cz\/de\/o-nas-2\/","og_site_name":"Plze\u0148sk\u00e9 d\u00edlo","article_modified_time":"2024-02-28T12:31:12+00:00","twitter_card":"summary_large_image","twitter_misc":{"Gesch\u00e4tzte Lesezeit":"3\u00a0Minuten"},"schema":{"@context":"https:\/\/schema.org","@graph":[{"@type":"WebPage","@id":"https:\/\/www.plzenske-dilo.cz\/de\/o-nas-2\/","url":"https:\/\/www.plzenske-dilo.cz\/de\/o-nas-2\/","name":"Wer sind wir und was machen wir - Plze\u0148sk\u00e9 d\u00edlo","isPartOf":{"@id":"https:\/\/www.plzenske-dilo.cz\/#website"},"datePublished":"2015-12-22T07:53:59+00:00","dateModified":"2024-02-28T12:31:12+00:00","breadcrumb":{"@id":"https:\/\/www.plzenske-dilo.cz\/de\/o-nas-2\/#breadcrumb"},"inLanguage":"de","potentialAction":[{"@type":"ReadAction","target":["https:\/\/www.plzenske-dilo.cz\/de\/o-nas-2\/"]}]},{"@type":"BreadcrumbList","@id":"https:\/\/www.plzenske-dilo.cz\/de\/o-nas-2\/#breadcrumb","itemListElement":[{"@type":"ListItem","position":1,"name":"Dom\u016f","item":"https:\/\/www.plzenske-dilo.cz\/de\/"},{"@type":"ListItem","position":2,"name":"Wer sind wir und was machen wir"}]},{"@type":"WebSite","@id":"https:\/\/www.plzenske-dilo.cz\/#website","url":"https:\/\/www.plzenske-dilo.cz\/","name":"Plze\u0148sk\u00e9 d\u00edlo","description":"Dal\u0161\u00ed nov\u00fd web v r\u00e1mci s\u00edt\u011b OctoPlus.cz Demo","potentialAction":[{"@type":"SearchAction","target":{"@type":"EntryPoint","urlTemplate":"https:\/\/www.plzenske-dilo.cz\/?s={search_term_string}"},"query-input":{"@type":"PropertyValueSpecification","valueRequired":true,"valueName":"search_term_string"}}],"inLanguage":"de"}]}},"_links":{"self":[{"href":"https:\/\/www.plzenske-dilo.cz\/de\/wp-json\/wp\/v2\/pages\/541","targetHints":{"allow":["GET"]}}],"collection":[{"href":"https:\/\/www.plzenske-dilo.cz\/de\/wp-json\/wp\/v2\/pages"}],"about":[{"href":"https:\/\/www.plzenske-dilo.cz\/de\/wp-json\/wp\/v2\/types\/page"}],"author":[{"embeddable":true,"href":"https:\/\/www.plzenske-dilo.cz\/de\/wp-json\/wp\/v2\/users\/1"}],"replies":[{"embeddable":true,"href":"https:\/\/www.plzenske-dilo.cz\/de\/wp-json\/wp\/v2\/comments?post=541"}],"version-history":[{"count":4,"href":"https:\/\/www.plzenske-dilo.cz\/de\/wp-json\/wp\/v2\/pages\/541\/revisions"}],"predecessor-version":[{"id":1184,"href":"https:\/\/www.plzenske-dilo.cz\/de\/wp-json\/wp\/v2\/pages\/541\/revisions\/1184"}],"wp:attachment":[{"href":"https:\/\/www.plzenske-dilo.cz\/de\/wp-json\/wp\/v2\/media?parent=541"}],"curies":[{"name":"wp","href":"https:\/\/api.w.org\/{rel}","templated":true}]}}