{"id":549,"date":"2017-05-03T11:12:58","date_gmt":"2017-05-03T10:12:58","guid":{"rendered":"http:\/\/www.plzenske-dilo.cz\/de\/?page_id=549"},"modified":"2017-05-03T11:27:16","modified_gmt":"2017-05-03T10:27:16","slug":"unsere-eigene-produkte","status":"publish","type":"page","link":"https:\/\/www.plzenske-dilo.cz\/de\/unsere-eigene-produkte\/","title":{"rendered":"Unsere eigene Produkte"},"content":{"rendered":"<div class=\"wpb-content-wrapper\"><p>[vc_row full_width=&#8221;stretch_row&#8221;][vc_column][vc_row_inner][vc_column_inner][vc_column_text]<\/p>\n<h2>Haushaltartikel<\/h2>\n<p>[\/vc_column_text][\/vc_column_inner][\/vc_row_inner][vc_row_inner][vc_column_inner][vc_masonry_media_grid element_width=&#8221;3&#8243; grid_id=&#8221;vc_gid:1493806247849-44642f43-a395-2&#8243; include=&#8221;373,374,376,378&#8243;][\/vc_column_inner][\/vc_row_inner][vc_column_text]Katalog ke sta\u017een\u00ed <a href=\"https:\/\/www.plzenske-dilo.cz\/wp-content\/uploads\/sites\/78\/2016\/01\/katalog-v\u00fdrobky-pro-dom\u00e1cnost.pdf\">zde\u00a0<i class=\"icon-download\" style=\"\" aria-hidden=\"true\"><\/i><\/a>[\/vc_column_text][\/vc_column][\/vc_row][vc_row full_width=&#8221;stretch_row&#8221;][vc_column][vc_row_inner][vc_column_inner][vc_column_text]<\/p>\n<h2>Elektroartikel<\/h2>\n<p>[\/vc_column_text][\/vc_column_inner][\/vc_row_inner][vc_row_inner][vc_column_inner][vc_masonry_media_grid element_width=&#8221;3&#8243; grid_id=&#8221;vc_gid:1493806247873-9497bca8-eece-10&#8243; include=&#8221;282,281,279,280&#8243;][vc_column_text]<\/p>\n<h4><strong>Geh\u00e4use Schutzschalter<\/strong><\/h4>\n<p><strong>Typ Schutzschalter:<\/strong><br \/>\ntyp 367 \u2013\u00a0Schutzschalter -1-polig\u00a0\u2013 max. 40A<br \/>\ntyp 366\u00a0\u2013 Schutzschalter -3-polig\u00a0 \u2013 max. 40A<br \/>\ntyp 351\u00a0\u2013 Schutzschalter -4-polig\u00a0 \u2013 max. 20A<\/p>\n<p><strong>Schutzart:<\/strong><br \/>\nIP 20<\/p>\n<p>Geh\u00e4use f\u00fcr Schutzschalter- Angabe des Produktionsmaterials:<br \/>\n336M Krasten High Impact Polystyrene\u00a0 grau RAL 7035<\/p>\n<p>F\u00fcr alle Geh\u00e4use der Schutzschalter ist eine Konformit\u00e4tserkl\u00e4rung auf der Grundlage der Zertifikate und Atteste von EZU*( Elektrotechnische Pr\u00fcfanstalt ) Prag ausgestellt.<\/p>\n<p>Katalog zum download hier<\/p>\n<p>* EZ\u00da Prag \u00a0ist das Gr\u00fcndungsmitglied des Europ\u00e4ischen Zertifizierungssystems CEE<\/p>\n<p>[\/vc_column_text][\/vc_column_inner][\/vc_row_inner][vc_column_text]Katalog ke sta\u017een\u00ed <a href=\"https:\/\/www.plzenske-dilo.cz\/wp-content\/uploads\/sites\/78\/2016\/01\/katalog-kryty-jisti\u010d\u016f.pdf\">zde\u00a0<i class=\"icon-download\" style=\"\" aria-hidden=\"true\"><\/i><\/a>[\/vc_column_text][\/vc_column][\/vc_row][vc_row full_width=&#8221;stretch_row&#8221;][vc_column][vc_row_inner][vc_column_inner][vc_column_text]<\/p>\n<h2>Sonstiges<\/h2>\n<p>Unser Produktionssortiment beinhaltet noch weitere, umfangreiche Produkte, die wir f\u00fcr die verschiedene Bereiche produzieren.[\/vc_column_text][\/vc_column_inner][\/vc_row_inner][vc_row_inner][vc_column_inner][vc_masonry_media_grid element_width=&#8221;3&#8243; grid_id=&#8221;vc_gid:1493806247900-d51e2eb9-ae5d-6&#8243; include=&#8221;344,345,346,347&#8243;][\/vc_column_inner][\/vc_row_inner][vc_column_text]Katalog ke sta\u017een\u00ed <a href=\"https:\/\/www.plzenske-dilo.cz\/wp-content\/uploads\/sites\/78\/2016\/01\/katalog-ostatn\u00ed-kompletn\u00ed-katalog.pdf\">zde\u00a0<i class=\"icon-download\" style=\"\" aria-hidden=\"true\"><\/i><\/a>[\/vc_column_text][\/vc_column][\/vc_row]<\/p>\n<\/div>","protected":false},"excerpt":{"rendered":"<p>[vc_row full_width=&#8221;stretch_row&#8221;][vc_column][vc_row_inner][vc_column_inner][vc_column_text] Haushaltartikel [\/vc_column_text][\/vc_column_inner][\/vc_row_inner][vc_row_inner][vc_column_inner][vc_masonry_media_grid element_width=&#8221;3&#8243; grid_id=&#8221;vc_gid:1493806247849-44642f43-a395-2&#8243; include=&#8221;373,374,376,378&#8243;][\/vc_column_inner][\/vc_row_inner][vc_column_text]Katalog ke sta\u017een\u00ed zde\u00a0[\/vc_column_text][\/vc_column][\/vc_row][vc_row full_width=&#8221;stretch_row&#8221;][vc_column][vc_row_inner][vc_column_inner][vc_column_text] Elektroartikel [\/vc_column_text][\/vc_column_inner][\/vc_row_inner][vc_row_inner][vc_column_inner][vc_masonry_media_grid element_width=&#8221;3&#8243; grid_id=&#8221;vc_gid:1493806247873-9497bca8-eece-10&#8243; include=&#8221;282,281,279,280&#8243;][vc_column_text] Geh\u00e4use Schutzschalter Typ Schutzschalter: typ 367 \u2013\u00a0Schutzschalter -1-polig\u00a0\u2013 max. 40A<span class=\"excerpt-hellip\"> [\u2026]<\/span><\/p>\n","protected":false},"author":43,"featured_media":0,"parent":0,"menu_order":0,"comment_status":"closed","ping_status":"closed","template":"","meta":{"footnotes":""},"class_list":["post-549","page","type-page","status-publish","hentry"],"yoast_head":"<title>Unsere eigene Produkte - Plze\u0148sk\u00e9 d\u00edlo<\/title>\n<meta name=\"robots\" content=\"index, follow, max-snippet:-1, max-image-preview:large, max-video-preview:-1\" \/>\n<link rel=\"canonical\" href=\"https:\/\/www.plzenske-dilo.cz\/de\/unsere-eigene-produkte\/\" \/>\n<meta property=\"og:locale\" content=\"de_DE\" \/>\n<meta property=\"og:type\" content=\"article\" \/>\n<meta property=\"og:title\" content=\"Unsere eigene Produkte - Plze\u0148sk\u00e9 d\u00edlo\" \/>\n<meta property=\"og:description\" content=\"[vc_row full_width=&#8221;stretch_row&#8221;][vc_column][vc_row_inner][vc_column_inner][vc_column_text] Haushaltartikel [\/vc_column_text][\/vc_column_inner][\/vc_row_inner][vc_row_inner][vc_column_inner][vc_masonry_media_grid element_width=&#8221;3&#8243; grid_id=&#8221;vc_gid:1493806247849-44642f43-a395-2&#8243; include=&#8221;373,374,376,378&#8243;][\/vc_column_inner][\/vc_row_inner][vc_column_text]Katalog ke sta\u017een\u00ed zde\u00a0[\/vc_column_text][\/vc_column][\/vc_row][vc_row full_width=&#8221;stretch_row&#8221;][vc_column][vc_row_inner][vc_column_inner][vc_column_text] Elektroartikel [\/vc_column_text][\/vc_column_inner][\/vc_row_inner][vc_row_inner][vc_column_inner][vc_masonry_media_grid element_width=&#8221;3&#8243; grid_id=&#8221;vc_gid:1493806247873-9497bca8-eece-10&#8243; include=&#8221;282,281,279,280&#8243;][vc_column_text] Geh\u00e4use Schutzschalter Typ Schutzschalter: typ 367 \u2013\u00a0Schutzschalter -1-polig\u00a0\u2013 max. 40A [\u2026]\" \/>\n<meta property=\"og:url\" content=\"https:\/\/www.plzenske-dilo.cz\/de\/unsere-eigene-produkte\/\" \/>\n<meta property=\"og:site_name\" content=\"Plze\u0148sk\u00e9 d\u00edlo\" \/>\n<meta property=\"article:modified_time\" content=\"2017-05-03T10:27:16+00:00\" \/>\n<meta name=\"twitter:card\" content=\"summary_large_image\" \/>\n<meta name=\"twitter:label1\" content=\"Gesch\u00e4tzte Lesezeit\" \/>\n\t<meta name=\"twitter:data1\" content=\"2\u00a0Minuten\" \/>\n<script type=\"application\/ld+json\" class=\"yoast-schema-graph\">{\"@context\":\"https:\/\/schema.org\",\"@graph\":[{\"@type\":\"WebPage\",\"@id\":\"https:\/\/www.plzenske-dilo.cz\/de\/unsere-eigene-produkte\/\",\"url\":\"https:\/\/www.plzenske-dilo.cz\/de\/unsere-eigene-produkte\/\",\"name\":\"Unsere eigene Produkte - Plze\u0148sk\u00e9 d\u00edlo\",\"isPartOf\":{\"@id\":\"https:\/\/www.plzenske-dilo.cz\/#website\"},\"datePublished\":\"2017-05-03T10:12:58+00:00\",\"dateModified\":\"2017-05-03T10:27:16+00:00\",\"breadcrumb\":{\"@id\":\"https:\/\/www.plzenske-dilo.cz\/de\/unsere-eigene-produkte\/#breadcrumb\"},\"inLanguage\":\"de\",\"potentialAction\":[{\"@type\":\"ReadAction\",\"target\":[\"https:\/\/www.plzenske-dilo.cz\/de\/unsere-eigene-produkte\/\"]}]},{\"@type\":\"BreadcrumbList\",\"@id\":\"https:\/\/www.plzenske-dilo.cz\/de\/unsere-eigene-produkte\/#breadcrumb\",\"itemListElement\":[{\"@type\":\"ListItem\",\"position\":1,\"name\":\"Dom\u016f\",\"item\":\"https:\/\/www.plzenske-dilo.cz\/de\/\"},{\"@type\":\"ListItem\",\"position\":2,\"name\":\"Unsere eigene Produkte\"}]},{\"@type\":\"WebSite\",\"@id\":\"https:\/\/www.plzenske-dilo.cz\/#website\",\"url\":\"https:\/\/www.plzenske-dilo.cz\/\",\"name\":\"Plze\u0148sk\u00e9 d\u00edlo\",\"description\":\"Dal\u0161\u00ed nov\u00fd web v r\u00e1mci s\u00edt\u011b OctoPlus.cz Demo\",\"potentialAction\":[{\"@type\":\"SearchAction\",\"target\":{\"@type\":\"EntryPoint\",\"urlTemplate\":\"https:\/\/www.plzenske-dilo.cz\/?s={search_term_string}\"},\"query-input\":{\"@type\":\"PropertyValueSpecification\",\"valueRequired\":true,\"valueName\":\"search_term_string\"}}],\"inLanguage\":\"de\"}]}<\/script>","yoast_head_json":{"title":"Unsere eigene Produkte - Plze\u0148sk\u00e9 d\u00edlo","robots":{"index":"index","follow":"follow","max-snippet":"max-snippet:-1","max-image-preview":"max-image-preview:large","max-video-preview":"max-video-preview:-1"},"canonical":"https:\/\/www.plzenske-dilo.cz\/de\/unsere-eigene-produkte\/","og_locale":"de_DE","og_type":"article","og_title":"Unsere eigene Produkte - Plze\u0148sk\u00e9 d\u00edlo","og_description":"[vc_row full_width=&#8221;stretch_row&#8221;][vc_column][vc_row_inner][vc_column_inner][vc_column_text] Haushaltartikel [\/vc_column_text][\/vc_column_inner][\/vc_row_inner][vc_row_inner][vc_column_inner][vc_masonry_media_grid element_width=&#8221;3&#8243; grid_id=&#8221;vc_gid:1493806247849-44642f43-a395-2&#8243; include=&#8221;373,374,376,378&#8243;][\/vc_column_inner][\/vc_row_inner][vc_column_text]Katalog ke sta\u017een\u00ed zde\u00a0[\/vc_column_text][\/vc_column][\/vc_row][vc_row full_width=&#8221;stretch_row&#8221;][vc_column][vc_row_inner][vc_column_inner][vc_column_text] Elektroartikel [\/vc_column_text][\/vc_column_inner][\/vc_row_inner][vc_row_inner][vc_column_inner][vc_masonry_media_grid element_width=&#8221;3&#8243; grid_id=&#8221;vc_gid:1493806247873-9497bca8-eece-10&#8243; include=&#8221;282,281,279,280&#8243;][vc_column_text] Geh\u00e4use Schutzschalter Typ Schutzschalter: typ 367 \u2013\u00a0Schutzschalter -1-polig\u00a0\u2013 max. 40A [\u2026]","og_url":"https:\/\/www.plzenske-dilo.cz\/de\/unsere-eigene-produkte\/","og_site_name":"Plze\u0148sk\u00e9 d\u00edlo","article_modified_time":"2017-05-03T10:27:16+00:00","twitter_card":"summary_large_image","twitter_misc":{"Gesch\u00e4tzte Lesezeit":"2\u00a0Minuten"},"schema":{"@context":"https:\/\/schema.org","@graph":[{"@type":"WebPage","@id":"https:\/\/www.plzenske-dilo.cz\/de\/unsere-eigene-produkte\/","url":"https:\/\/www.plzenske-dilo.cz\/de\/unsere-eigene-produkte\/","name":"Unsere eigene Produkte - Plze\u0148sk\u00e9 d\u00edlo","isPartOf":{"@id":"https:\/\/www.plzenske-dilo.cz\/#website"},"datePublished":"2017-05-03T10:12:58+00:00","dateModified":"2017-05-03T10:27:16+00:00","breadcrumb":{"@id":"https:\/\/www.plzenske-dilo.cz\/de\/unsere-eigene-produkte\/#breadcrumb"},"inLanguage":"de","potentialAction":[{"@type":"ReadAction","target":["https:\/\/www.plzenske-dilo.cz\/de\/unsere-eigene-produkte\/"]}]},{"@type":"BreadcrumbList","@id":"https:\/\/www.plzenske-dilo.cz\/de\/unsere-eigene-produkte\/#breadcrumb","itemListElement":[{"@type":"ListItem","position":1,"name":"Dom\u016f","item":"https:\/\/www.plzenske-dilo.cz\/de\/"},{"@type":"ListItem","position":2,"name":"Unsere eigene Produkte"}]},{"@type":"WebSite","@id":"https:\/\/www.plzenske-dilo.cz\/#website","url":"https:\/\/www.plzenske-dilo.cz\/","name":"Plze\u0148sk\u00e9 d\u00edlo","description":"Dal\u0161\u00ed nov\u00fd web v r\u00e1mci s\u00edt\u011b OctoPlus.cz Demo","potentialAction":[{"@type":"SearchAction","target":{"@type":"EntryPoint","urlTemplate":"https:\/\/www.plzenske-dilo.cz\/?s={search_term_string}"},"query-input":{"@type":"PropertyValueSpecification","valueRequired":true,"valueName":"search_term_string"}}],"inLanguage":"de"}]}},"_links":{"self":[{"href":"https:\/\/www.plzenske-dilo.cz\/de\/wp-json\/wp\/v2\/pages\/549","targetHints":{"allow":["GET"]}}],"collection":[{"href":"https:\/\/www.plzenske-dilo.cz\/de\/wp-json\/wp\/v2\/pages"}],"about":[{"href":"https:\/\/www.plzenske-dilo.cz\/de\/wp-json\/wp\/v2\/types\/page"}],"author":[{"embeddable":true,"href":"https:\/\/www.plzenske-dilo.cz\/de\/wp-json\/wp\/v2\/users\/43"}],"replies":[{"embeddable":true,"href":"https:\/\/www.plzenske-dilo.cz\/de\/wp-json\/wp\/v2\/comments?post=549"}],"version-history":[{"count":1,"href":"https:\/\/www.plzenske-dilo.cz\/de\/wp-json\/wp\/v2\/pages\/549\/revisions"}],"predecessor-version":[{"id":550,"href":"https:\/\/www.plzenske-dilo.cz\/de\/wp-json\/wp\/v2\/pages\/549\/revisions\/550"}],"wp:attachment":[{"href":"https:\/\/www.plzenske-dilo.cz\/de\/wp-json\/wp\/v2\/media?parent=549"}],"curies":[{"name":"wp","href":"https:\/\/api.w.org\/{rel}","templated":true}]}}