{"id":556,"date":"2015-12-22T08:52:51","date_gmt":"2015-12-22T07:52:51","guid":{"rendered":"http:\/\/www.plzenske-dilo.cz\/de\/termosety\/"},"modified":"2017-05-03T11:24:51","modified_gmt":"2017-05-03T10:24:51","slug":"termosety","status":"publish","type":"page","link":"https:\/\/www.plzenske-dilo.cz\/de\/termosety\/","title":{"rendered":"Duroplastverarbeitung"},"content":{"rendered":"<div class=\"wpb-content-wrapper\"><p>[vc_row][vc_column width=&#8221;1\/2&#8243;][vc_column_text]In Velhartice in unserem Presswerk stehen insgesamt 25 hydraulischen Pressen mit einer Presskraft von 45, 100, 160, 200, 250, 350, 400, 500 a 600to. Die gr\u00f6\u00dfte Tischfl\u00e4che hat die Abmessung von 2000\u00d71500 mm.[\/vc_column_text][\/vc_column][vc_column width=&#8221;1\/2&#8243;][vc_column_text]<\/p>\n<p style=\"margin: 0cm;margin-bottom: .0001pt;text-align: justify\"><span style=\"font-family: 'Calibri',sans-serif\">Aus den Materialien SMC und BMC \u2013 glasfaserverst\u00e4rkten Polyesterharze, werden Teile \u00fcberwiegend f\u00fcr die Elektroindustrie produziert. Die Produktpalette beinhaltet verschiedene Kabelverteilerschr\u00e4nke f\u00fcr die Niederspannungs-anlagen, spezielle Anschlussdosen f\u00fcr den Explosion-Schutzbereich, Haushaltanschlusskasten f\u00fcr den Stromz\u00e4hler und Isolatoren.<\/span><\/p>\n<p>[\/vc_column_text][\/vc_column][\/vc_row][vc_row full_width=&#8221;stretch_row&#8221;][vc_column width=&#8221;1\/6&#8243;][\/vc_column][vc_column width=&#8221;4\/6&#8243;][vc_images_carousel images=&#8221;384,369,368,367,366,365,364,363&#8243; img_size=&#8221;full&#8221;][\/vc_column][vc_column width=&#8221;1\/6&#8243;][\/vc_column][\/vc_row]<\/p>\n<\/div>","protected":false},"excerpt":{"rendered":"<p>[vc_row][vc_column width=&#8221;1\/2&#8243;][vc_column_text]In Velhartice in unserem Presswerk stehen insgesamt 25 hydraulischen Pressen mit einer Presskraft von 45, 100, 160, 200, 250, 350, 400, 500 a 600to. Die<span class=\"excerpt-hellip\"> [\u2026]<\/span><\/p>\n","protected":false},"author":1,"featured_media":0,"parent":0,"menu_order":0,"comment_status":"closed","ping_status":"closed","template":"","meta":{"footnotes":""},"class_list":["post-556","page","type-page","status-publish","hentry"],"yoast_head":"<title>Duroplastverarbeitung - Plze\u0148sk\u00e9 d\u00edlo<\/title>\n<meta name=\"robots\" content=\"index, follow, max-snippet:-1, max-image-preview:large, max-video-preview:-1\" \/>\n<link rel=\"canonical\" href=\"https:\/\/www.plzenske-dilo.cz\/de\/termosety\/\" \/>\n<meta property=\"og:locale\" content=\"de_DE\" \/>\n<meta property=\"og:type\" content=\"article\" \/>\n<meta property=\"og:title\" content=\"Duroplastverarbeitung - Plze\u0148sk\u00e9 d\u00edlo\" \/>\n<meta property=\"og:description\" content=\"[vc_row][vc_column width=&#8221;1\/2&#8243;][vc_column_text]In Velhartice in unserem Presswerk stehen insgesamt 25 hydraulischen Pressen mit einer Presskraft von 45, 100, 160, 200, 250, 350, 400, 500 a 600to. Die [\u2026]\" \/>\n<meta property=\"og:url\" content=\"https:\/\/www.plzenske-dilo.cz\/de\/termosety\/\" \/>\n<meta property=\"og:site_name\" content=\"Plze\u0148sk\u00e9 d\u00edlo\" \/>\n<meta property=\"article:modified_time\" content=\"2017-05-03T10:24:51+00:00\" \/>\n<meta name=\"twitter:card\" content=\"summary_large_image\" \/>\n<meta name=\"twitter:label1\" content=\"Gesch\u00e4tzte Lesezeit\" \/>\n\t<meta name=\"twitter:data1\" content=\"1\u00a0Minute\" \/>\n<script type=\"application\/ld+json\" class=\"yoast-schema-graph\">{\"@context\":\"https:\/\/schema.org\",\"@graph\":[{\"@type\":\"WebPage\",\"@id\":\"https:\/\/www.plzenske-dilo.cz\/de\/termosety\/\",\"url\":\"https:\/\/www.plzenske-dilo.cz\/de\/termosety\/\",\"name\":\"Duroplastverarbeitung - Plze\u0148sk\u00e9 d\u00edlo\",\"isPartOf\":{\"@id\":\"https:\/\/www.plzenske-dilo.cz\/#website\"},\"datePublished\":\"2015-12-22T07:52:51+00:00\",\"dateModified\":\"2017-05-03T10:24:51+00:00\",\"breadcrumb\":{\"@id\":\"https:\/\/www.plzenske-dilo.cz\/de\/termosety\/#breadcrumb\"},\"inLanguage\":\"de\",\"potentialAction\":[{\"@type\":\"ReadAction\",\"target\":[\"https:\/\/www.plzenske-dilo.cz\/de\/termosety\/\"]}]},{\"@type\":\"BreadcrumbList\",\"@id\":\"https:\/\/www.plzenske-dilo.cz\/de\/termosety\/#breadcrumb\",\"itemListElement\":[{\"@type\":\"ListItem\",\"position\":1,\"name\":\"Dom\u016f\",\"item\":\"https:\/\/www.plzenske-dilo.cz\/de\/\"},{\"@type\":\"ListItem\",\"position\":2,\"name\":\"Duroplastverarbeitung\"}]},{\"@type\":\"WebSite\",\"@id\":\"https:\/\/www.plzenske-dilo.cz\/#website\",\"url\":\"https:\/\/www.plzenske-dilo.cz\/\",\"name\":\"Plze\u0148sk\u00e9 d\u00edlo\",\"description\":\"Dal\u0161\u00ed nov\u00fd web v r\u00e1mci s\u00edt\u011b OctoPlus.cz Demo\",\"potentialAction\":[{\"@type\":\"SearchAction\",\"target\":{\"@type\":\"EntryPoint\",\"urlTemplate\":\"https:\/\/www.plzenske-dilo.cz\/?s={search_term_string}\"},\"query-input\":{\"@type\":\"PropertyValueSpecification\",\"valueRequired\":true,\"valueName\":\"search_term_string\"}}],\"inLanguage\":\"de\"}]}<\/script>","yoast_head_json":{"title":"Duroplastverarbeitung - Plze\u0148sk\u00e9 d\u00edlo","robots":{"index":"index","follow":"follow","max-snippet":"max-snippet:-1","max-image-preview":"max-image-preview:large","max-video-preview":"max-video-preview:-1"},"canonical":"https:\/\/www.plzenske-dilo.cz\/de\/termosety\/","og_locale":"de_DE","og_type":"article","og_title":"Duroplastverarbeitung - Plze\u0148sk\u00e9 d\u00edlo","og_description":"[vc_row][vc_column width=&#8221;1\/2&#8243;][vc_column_text]In Velhartice in unserem Presswerk stehen insgesamt 25 hydraulischen Pressen mit einer Presskraft von 45, 100, 160, 200, 250, 350, 400, 500 a 600to. Die [\u2026]","og_url":"https:\/\/www.plzenske-dilo.cz\/de\/termosety\/","og_site_name":"Plze\u0148sk\u00e9 d\u00edlo","article_modified_time":"2017-05-03T10:24:51+00:00","twitter_card":"summary_large_image","twitter_misc":{"Gesch\u00e4tzte Lesezeit":"1\u00a0Minute"},"schema":{"@context":"https:\/\/schema.org","@graph":[{"@type":"WebPage","@id":"https:\/\/www.plzenske-dilo.cz\/de\/termosety\/","url":"https:\/\/www.plzenske-dilo.cz\/de\/termosety\/","name":"Duroplastverarbeitung - Plze\u0148sk\u00e9 d\u00edlo","isPartOf":{"@id":"https:\/\/www.plzenske-dilo.cz\/#website"},"datePublished":"2015-12-22T07:52:51+00:00","dateModified":"2017-05-03T10:24:51+00:00","breadcrumb":{"@id":"https:\/\/www.plzenske-dilo.cz\/de\/termosety\/#breadcrumb"},"inLanguage":"de","potentialAction":[{"@type":"ReadAction","target":["https:\/\/www.plzenske-dilo.cz\/de\/termosety\/"]}]},{"@type":"BreadcrumbList","@id":"https:\/\/www.plzenske-dilo.cz\/de\/termosety\/#breadcrumb","itemListElement":[{"@type":"ListItem","position":1,"name":"Dom\u016f","item":"https:\/\/www.plzenske-dilo.cz\/de\/"},{"@type":"ListItem","position":2,"name":"Duroplastverarbeitung"}]},{"@type":"WebSite","@id":"https:\/\/www.plzenske-dilo.cz\/#website","url":"https:\/\/www.plzenske-dilo.cz\/","name":"Plze\u0148sk\u00e9 d\u00edlo","description":"Dal\u0161\u00ed nov\u00fd web v r\u00e1mci s\u00edt\u011b OctoPlus.cz Demo","potentialAction":[{"@type":"SearchAction","target":{"@type":"EntryPoint","urlTemplate":"https:\/\/www.plzenske-dilo.cz\/?s={search_term_string}"},"query-input":{"@type":"PropertyValueSpecification","valueRequired":true,"valueName":"search_term_string"}}],"inLanguage":"de"}]}},"_links":{"self":[{"href":"https:\/\/www.plzenske-dilo.cz\/de\/wp-json\/wp\/v2\/pages\/556","targetHints":{"allow":["GET"]}}],"collection":[{"href":"https:\/\/www.plzenske-dilo.cz\/de\/wp-json\/wp\/v2\/pages"}],"about":[{"href":"https:\/\/www.plzenske-dilo.cz\/de\/wp-json\/wp\/v2\/types\/page"}],"author":[{"embeddable":true,"href":"https:\/\/www.plzenske-dilo.cz\/de\/wp-json\/wp\/v2\/users\/1"}],"replies":[{"embeddable":true,"href":"https:\/\/www.plzenske-dilo.cz\/de\/wp-json\/wp\/v2\/comments?post=556"}],"version-history":[{"count":2,"href":"https:\/\/www.plzenske-dilo.cz\/de\/wp-json\/wp\/v2\/pages\/556\/revisions"}],"predecessor-version":[{"id":558,"href":"https:\/\/www.plzenske-dilo.cz\/de\/wp-json\/wp\/v2\/pages\/556\/revisions\/558"}],"wp:attachment":[{"href":"https:\/\/www.plzenske-dilo.cz\/de\/wp-json\/wp\/v2\/media?parent=556"}],"curies":[{"name":"wp","href":"https:\/\/api.w.org\/{rel}","templated":true}]}}