{"id":467,"date":"2016-11-19T11:37:57","date_gmt":"2016-11-19T10:37:57","guid":{"rendered":"http:\/\/www.plzenske-dilo.cz\/en\/?page_id=467"},"modified":"2024-12-02T11:41:36","modified_gmt":"2024-12-02T10:41:36","slug":"domu","status":"publish","type":"page","link":"https:\/\/www.plzenske-dilo.cz\/en\/","title":{"rendered":"Home"},"content":{"rendered":"<div class=\"wpb-content-wrapper\"><p>[vc_row][vc_column][rev_slider_vc alias=&#8221;slider-en&#8221;][\/vc_column][\/vc_row][vc_row css=&#8221;.vc_custom_1459347145220{padding-top: 30px !important;padding-bottom: 30px !important;}&#8221;][vc_column width=&#8221;1\/2&#8243;][vc_column_text]<\/p>\n<h2 style=\"text-align: center\">Thermoplastic materials<\/h2>\n<p>[\/vc_column_text]<div class=\"photo_box \"><div class=\"image_frame\"><div class=\"image_wrapper\"><a href=\"http:\/\/www.plzenske-dilo.cz\/termoplasty\/\"  title=\"\"><div class=\"mask\"><\/div><img loading=\"lazy\" decoding=\"async\" class=\"scale-with-grid\" src=\"https:\/\/www.plzenske-dilo.cz\/wp-content\/uploads\/sites\/78\/2015\/11\/termoplasty.jpg\" alt=\"termoplasty\" width=\"567\" height=\"151\"\/><\/a><\/div><\/div><div class=\"desc\">We process thermoplastic materials at our Pilsen facility where we operate a total of 25 injection moulding machines with closing force of 25 \u2013 400 tons. <\/div><\/div>\n[vc_btn title=&#8221;Thermoplastic materials&#8221; style=&#8221;custom&#8221; custom_background=&#8221;#223266&#8243; custom_text=&#8221;#ffffff&#8221; align=&#8221;center&#8221; link=&#8221;url:%2Ftermoplasty%2F||&#8221;][\/vc_column][vc_column width=&#8221;1\/2&#8243;][vc_column_text]<\/p>\n<h2 style=\"text-align: center\">Thermosets<\/h2>\n<p>[\/vc_column_text]<div class=\"photo_box \"><div class=\"image_frame\"><div class=\"image_wrapper\"><a href=\"http:\/\/www.plzenske-dilo.cz\/termosety\/\"  title=\"\"><div class=\"mask\"><\/div><img loading=\"lazy\" decoding=\"async\" class=\"scale-with-grid\" src=\"https:\/\/www.plzenske-dilo.cz\/wp-content\/uploads\/sites\/78\/2015\/11\/termosety.jpg\" alt=\"termosety\" width=\"1670\" height=\"444\"\/><\/a><\/div><\/div><div class=\"desc\">Our Velhartice facility operates a total of 25 thermoset processing moulding machines with closing forces of 45, 100, 160, 200, 250, 350, 400, 500, and 600 tons. <\/div><\/div>\n[vc_btn title=&#8221;Thermosets&#8221; style=&#8221;custom&#8221; custom_background=&#8221;#223266&#8243; custom_text=&#8221;#ffffff&#8221; align=&#8221;center&#8221; link=&#8221;url:%2Ftermosety%2F||&#8221;][\/vc_column][\/vc_row][vc_row css=&#8221;.vc_custom_1446580444077{padding-top: 40px !important;padding-bottom: 40px !important;}&#8221;][vc_column width=&#8221;1\/2&#8243;][vc_images_carousel images=&#8221;783,784,785,786&#8243; img_size=&#8221;582&#215;388&#8243; title=&#8221;Thermoplastic materials and thermosets&#8221;][\/vc_column][vc_column width=&#8221;1\/2&#8243;][vc_column_text]<\/p>\n<h2 style=\"text-align: justify\">Plze\u0148sk\u00e9 d\u00edlo,co-opt.<\/h2>\n<h3 style=\"text-align: justify\"><strong>Tradition since <\/strong>1945<\/h3>\n<p style=\"text-align: justify\"><strong>Available technologies:<\/strong><\/p>\n<ul>\n<li style=\"text-align: justify\">thermoplastic injection moulding, including nitrogen-based injection moulding<\/li>\n<li style=\"text-align: justify\">dual-component injection<\/li>\n<li style=\"text-align: justify\">thermoset moulding<\/li>\n<li style=\"text-align: justify\">installation and assembly<\/li>\n<li style=\"text-align: justify\">production of moulds, including subsequent maintenance and repairs<\/li>\n<li style=\"text-align: justify\">our production equipment mostly features the most modern moulding machines \u2013 see next, and that is why we achieve the highest quality of our final products.<\/li>\n<\/ul>\n<p>We export a significant part of our production to the EU countries.<\/p>\n<p style=\"text-align: justify\">Our quality assurance system is certificated in accordance with <strong>ISO 9001:2008<\/strong>. Our great capabilities resulted in our excellent position in the segment ranking of the best 100 Czech companies in 2005.<\/p>\n<p>[\/vc_column_text][vc_single_image image=&#8221;1035&#8243;][\/vc_column][\/vc_row][vc_row full_width=&#8221;stretch_row_content&#8221;][vc_column css=&#8221;.vc_custom_1446580737264{padding-bottom: 50px !important;}&#8221;][vc_column_text]<\/p>\n<h2 style=\"text-align: center\">Plze\u0148sk\u00e9 d\u00edlo,co-opt.<\/h2>\n<h3 style=\"text-align: center\">We export a significant part of our production to the countries.<\/h3>\n<p>[\/vc_column_text][vc_row_inner][vc_column_inner][vc_single_image image=&#8221;787&#8243; img_size=&#8221;full&#8221; alignment=&#8221;center&#8221;][\/vc_column_inner][\/vc_row_inner][\/vc_column][\/vc_row][vc_row][vc_column][vc_row_inner][vc_column_inner][vc_column_text]<\/p>\n<h2 style=\"text-align: center\">Documents<\/h2>\n<p>[\/vc_column_text][\/vc_column_inner][\/vc_row_inner][vc_row_inner][vc_column_inner][vc_masonry_media_grid element_width=&#8221;3&#8243; grid_id=&#8221;vc_gid:1733136061900-1b8da213-0367-0&#8243; include=&#8221;1240,1243,1237,1246,790,949&#8243;][\/vc_column_inner][\/vc_row_inner][\/vc_column][\/vc_row][vc_row full_width=&#8221;stretch_row&#8221; css=&#8221;.vc_custom_1450777223954{padding-top: 50px !important;padding-right: 10px !important;padding-left: 10px !important;background-image: url(https:\/\/www.plzenske-dilo.cz\/wp-content\/uploads\/sites\/78\/2014\/12\/home_energy_footer_bgd.jpg?id=39) !important;background-position: center !important;background-repeat: no-repeat !important;background-size: cover !important;}&#8221;][vc_column css=&#8221;.vc_custom_1446583222680{padding-bottom: 30px !important;}&#8221;][vc_column_text css=&#8221;&#8221; el_class=&#8221;dark&#8221;]<\/p>\n<h2 style=\"text-align: center\">Are you interested in production?<\/h2>\n<h3 style=\"text-align: center\">Call us: +420 731\u00a0 670 176<\/h3>\n<p style=\"text-align: center\">Skladov\u00e1 8,\u00a0326 00 Plze\u0148,\u00a0\u010cesk\u00e1 republika \u00a0| \u00a0I\u010cO: 00028878, DI\u010c: CZ00028878 \u00a0| \u00a0<a href=\"mailto:info@plzenske-dilo.cz\">info@plzenske-dilo.cz<\/a><\/p>\n<p>[\/vc_column_text][vc_btn title=&#8221;Contacts&#8221; style=&#8221;custom&#8221; custom_background=&#8221;#223266&#8243; custom_text=&#8221;#ffffff&#8221; align=&#8221;center&#8221; link=&#8221;url:%2Fkontakty%2F||&#8221;][\/vc_column][\/vc_row]<\/p>\n<\/div>","protected":false},"excerpt":{"rendered":"<p>[vc_row][vc_column][rev_slider_vc alias=&#8221;slider-en&#8221;][\/vc_column][\/vc_row][vc_row css=&#8221;.vc_custom_1459347145220{padding-top: 30px !important;padding-bottom: 30px !important;}&#8221;][vc_column width=&#8221;1\/2&#8243;][vc_column_text] Thermoplastic materials [\/vc_column_text][vc_btn title=&#8221;Thermoplastic materials&#8221; style=&#8221;custom&#8221; custom_background=&#8221;#223266&#8243; custom_text=&#8221;#ffffff&#8221; align=&#8221;center&#8221; link=&#8221;url:%2Ftermoplasty%2F||&#8221;][\/vc_column][vc_column width=&#8221;1\/2&#8243;][vc_column_text] Thermosets [\/vc_column_text][vc_btn title=&#8221;Thermosets&#8221; style=&#8221;custom&#8221; custom_background=&#8221;#223266&#8243; custom_text=&#8221;#ffffff&#8221; align=&#8221;center&#8221;<span class=\"excerpt-hellip\"> [\u2026]<\/span><\/p>\n","protected":false},"author":43,"featured_media":0,"parent":0,"menu_order":0,"comment_status":"closed","ping_status":"closed","template":"","meta":{"footnotes":""},"class_list":["post-467","page","type-page","status-publish","hentry"],"yoast_head":"<title>Home - Plze\u0148sk\u00e9 d\u00edlo<\/title>\n<meta name=\"robots\" content=\"index, follow, max-snippet:-1, max-image-preview:large, max-video-preview:-1\" \/>\n<link rel=\"canonical\" href=\"https:\/\/www.plzenske-dilo.cz\/en\/\" \/>\n<meta property=\"og:locale\" content=\"en_US\" \/>\n<meta property=\"og:type\" content=\"article\" \/>\n<meta property=\"og:title\" content=\"Home - Plze\u0148sk\u00e9 d\u00edlo\" \/>\n<meta property=\"og:description\" content=\"[vc_row][vc_column][rev_slider_vc alias=&#8221;slider-en&#8221;][\/vc_column][\/vc_row][vc_row css=&#8221;.vc_custom_1459347145220{padding-top: 30px !important;padding-bottom: 30px !important;}&#8221;][vc_column width=&#8221;1\/2&#8243;][vc_column_text] Thermoplastic materials [\/vc_column_text][vc_btn title=&#8221;Thermoplastic materials&#8221; style=&#8221;custom&#8221; custom_background=&#8221;#223266&#8243; custom_text=&#8221;#ffffff&#8221; align=&#8221;center&#8221; link=&#8221;url:%2Ftermoplasty%2F||&#8221;][\/vc_column][vc_column width=&#8221;1\/2&#8243;][vc_column_text] Thermosets [\/vc_column_text][vc_btn title=&#8221;Thermosets&#8221; style=&#8221;custom&#8221; custom_background=&#8221;#223266&#8243; custom_text=&#8221;#ffffff&#8221; align=&#8221;center&#8221; [\u2026]\" \/>\n<meta property=\"og:url\" content=\"https:\/\/www.plzenske-dilo.cz\/en\/\" \/>\n<meta property=\"og:site_name\" content=\"Plze\u0148sk\u00e9 d\u00edlo\" \/>\n<meta property=\"article:modified_time\" content=\"2024-12-02T10:41:36+00:00\" \/>\n<meta name=\"twitter:card\" content=\"summary_large_image\" \/>\n<meta name=\"twitter:label1\" content=\"Est. reading time\" \/>\n\t<meta name=\"twitter:data1\" content=\"5 minutes\" \/>\n<script type=\"application\/ld+json\" class=\"yoast-schema-graph\">{\"@context\":\"https:\/\/schema.org\",\"@graph\":[{\"@type\":\"WebPage\",\"@id\":\"https:\/\/www.plzenske-dilo.cz\/en\/\",\"url\":\"https:\/\/www.plzenske-dilo.cz\/en\/\",\"name\":\"Home - Plze\u0148sk\u00e9 d\u00edlo\",\"isPartOf\":{\"@id\":\"https:\/\/www.plzenske-dilo.cz\/#website\"},\"datePublished\":\"2016-11-19T10:37:57+00:00\",\"dateModified\":\"2024-12-02T10:41:36+00:00\",\"breadcrumb\":{\"@id\":\"https:\/\/www.plzenske-dilo.cz\/en\/#breadcrumb\"},\"inLanguage\":\"en-US\",\"potentialAction\":[{\"@type\":\"ReadAction\",\"target\":[\"https:\/\/www.plzenske-dilo.cz\/en\/\"]}]},{\"@type\":\"BreadcrumbList\",\"@id\":\"https:\/\/www.plzenske-dilo.cz\/en\/#breadcrumb\",\"itemListElement\":[{\"@type\":\"ListItem\",\"position\":1,\"name\":\"Dom\u016f\",\"item\":\"https:\/\/www.plzenske-dilo.cz\/en\/\"},{\"@type\":\"ListItem\",\"position\":2,\"name\":\"Home\"}]},{\"@type\":\"WebSite\",\"@id\":\"https:\/\/www.plzenske-dilo.cz\/#website\",\"url\":\"https:\/\/www.plzenske-dilo.cz\/\",\"name\":\"Plze\u0148sk\u00e9 d\u00edlo\",\"description\":\"Dal\u0161\u00ed nov\u00fd web v r\u00e1mci s\u00edt\u011b OctoPlus.cz Demo\",\"potentialAction\":[{\"@type\":\"SearchAction\",\"target\":{\"@type\":\"EntryPoint\",\"urlTemplate\":\"https:\/\/www.plzenske-dilo.cz\/?s={search_term_string}\"},\"query-input\":{\"@type\":\"PropertyValueSpecification\",\"valueRequired\":true,\"valueName\":\"search_term_string\"}}],\"inLanguage\":\"en-US\"}]}<\/script>","yoast_head_json":{"title":"Home - Plze\u0148sk\u00e9 d\u00edlo","robots":{"index":"index","follow":"follow","max-snippet":"max-snippet:-1","max-image-preview":"max-image-preview:large","max-video-preview":"max-video-preview:-1"},"canonical":"https:\/\/www.plzenske-dilo.cz\/en\/","og_locale":"en_US","og_type":"article","og_title":"Home - Plze\u0148sk\u00e9 d\u00edlo","og_description":"[vc_row][vc_column][rev_slider_vc alias=&#8221;slider-en&#8221;][\/vc_column][\/vc_row][vc_row css=&#8221;.vc_custom_1459347145220{padding-top: 30px !important;padding-bottom: 30px !important;}&#8221;][vc_column width=&#8221;1\/2&#8243;][vc_column_text] Thermoplastic materials [\/vc_column_text][vc_btn title=&#8221;Thermoplastic materials&#8221; style=&#8221;custom&#8221; custom_background=&#8221;#223266&#8243; custom_text=&#8221;#ffffff&#8221; align=&#8221;center&#8221; link=&#8221;url:%2Ftermoplasty%2F||&#8221;][\/vc_column][vc_column width=&#8221;1\/2&#8243;][vc_column_text] Thermosets [\/vc_column_text][vc_btn title=&#8221;Thermosets&#8221; style=&#8221;custom&#8221; custom_background=&#8221;#223266&#8243; custom_text=&#8221;#ffffff&#8221; align=&#8221;center&#8221; [\u2026]","og_url":"https:\/\/www.plzenske-dilo.cz\/en\/","og_site_name":"Plze\u0148sk\u00e9 d\u00edlo","article_modified_time":"2024-12-02T10:41:36+00:00","twitter_card":"summary_large_image","twitter_misc":{"Est. reading time":"5 minutes"},"schema":{"@context":"https:\/\/schema.org","@graph":[{"@type":"WebPage","@id":"https:\/\/www.plzenske-dilo.cz\/en\/","url":"https:\/\/www.plzenske-dilo.cz\/en\/","name":"Home - Plze\u0148sk\u00e9 d\u00edlo","isPartOf":{"@id":"https:\/\/www.plzenske-dilo.cz\/#website"},"datePublished":"2016-11-19T10:37:57+00:00","dateModified":"2024-12-02T10:41:36+00:00","breadcrumb":{"@id":"https:\/\/www.plzenske-dilo.cz\/en\/#breadcrumb"},"inLanguage":"en-US","potentialAction":[{"@type":"ReadAction","target":["https:\/\/www.plzenske-dilo.cz\/en\/"]}]},{"@type":"BreadcrumbList","@id":"https:\/\/www.plzenske-dilo.cz\/en\/#breadcrumb","itemListElement":[{"@type":"ListItem","position":1,"name":"Dom\u016f","item":"https:\/\/www.plzenske-dilo.cz\/en\/"},{"@type":"ListItem","position":2,"name":"Home"}]},{"@type":"WebSite","@id":"https:\/\/www.plzenske-dilo.cz\/#website","url":"https:\/\/www.plzenske-dilo.cz\/","name":"Plze\u0148sk\u00e9 d\u00edlo","description":"Dal\u0161\u00ed nov\u00fd web v r\u00e1mci s\u00edt\u011b OctoPlus.cz Demo","potentialAction":[{"@type":"SearchAction","target":{"@type":"EntryPoint","urlTemplate":"https:\/\/www.plzenske-dilo.cz\/?s={search_term_string}"},"query-input":{"@type":"PropertyValueSpecification","valueRequired":true,"valueName":"search_term_string"}}],"inLanguage":"en-US"}]}},"_links":{"self":[{"href":"https:\/\/www.plzenske-dilo.cz\/en\/wp-json\/wp\/v2\/pages\/467","targetHints":{"allow":["GET"]}}],"collection":[{"href":"https:\/\/www.plzenske-dilo.cz\/en\/wp-json\/wp\/v2\/pages"}],"about":[{"href":"https:\/\/www.plzenske-dilo.cz\/en\/wp-json\/wp\/v2\/types\/page"}],"author":[{"embeddable":true,"href":"https:\/\/www.plzenske-dilo.cz\/en\/wp-json\/wp\/v2\/users\/43"}],"replies":[{"embeddable":true,"href":"https:\/\/www.plzenske-dilo.cz\/en\/wp-json\/wp\/v2\/comments?post=467"}],"version-history":[{"count":14,"href":"https:\/\/www.plzenske-dilo.cz\/en\/wp-json\/wp\/v2\/pages\/467\/revisions"}],"predecessor-version":[{"id":1287,"href":"https:\/\/www.plzenske-dilo.cz\/en\/wp-json\/wp\/v2\/pages\/467\/revisions\/1287"}],"wp:attachment":[{"href":"https:\/\/www.plzenske-dilo.cz\/en\/wp-json\/wp\/v2\/media?parent=467"}],"curies":[{"name":"wp","href":"https:\/\/api.w.org\/{rel}","templated":true}]}}