{"id":471,"date":"2016-11-23T11:26:14","date_gmt":"2016-11-23T10:26:14","guid":{"rendered":"http:\/\/www.plzenske-dilo.cz\/en\/?page_id=471"},"modified":"2023-06-16T10:34:52","modified_gmt":"2023-06-16T09:34:52","slug":"kontakty","status":"publish","type":"page","link":"https:\/\/www.plzenske-dilo.cz\/en\/kontakty\/","title":{"rendered":"Contatcs"},"content":{"rendered":"<div class=\"wpb-content-wrapper\"><p>[vc_row full_width=&#8221;stretch_row_content&#8221;][vc_column]<div class=\"google-map-wrapper no_border\"><div class=\"google-map\" id=\"google-map-area-69e8b2ddec273\" style=\"width:100%; height:460px; \">&nbsp;<\/div><\/div>\n[\/vc_column][\/vc_row][vc_row css=&#8221;.vc_custom_1446630848557{padding-top: 40px !important;padding-bottom: 40px !important;}&#8221;][vc_column width=&#8221;1\/2&#8243; css=&#8221;.vc_custom_1446631124898{padding-right: 60px !important;padding-left: 60px !important;}&#8221;][vc_column_text]<\/p>\n<h2>Our Address<\/h2>\n<h3>Plze\u0148sk\u00e9 d\u00edlo, co-opt.<\/h3>\n<p>Skladov\u00e1 8<br \/>\n326 00 Plze\u0148<br \/>\n\u010cesk\u00e1 republika<\/p>\n<p>GPS 49\u00b043&#8217;26.324&#8243;N, 13\u00b024&#8217;39.34&#8243;E<\/p>\n<p>I\u010c: 00028878, DI\u010c: CZ00028878<br \/>\nDru\u017estvo je zapsan\u00e9 v obchodn\u00edm rejst\u0159\u00edku Krajsk\u00e9ho soudu v Plzni, odd\u00edl Dr XXVI, vlo\u017eka 7<\/p>\n<p>Tel: +420 377 240 751 &#8211; 4<br \/>\nFax: +420 377 247 728<br \/>\nE-mail: <a href=\"mailto:info@plzenske-dilo.cz\">info@plzenske-dilo.cz<\/a>[\/vc_column_text][vc_row_inner][vc_column_inner width=&#8221;1\/2&#8243;][vc_column_text]<strong>Chairman of the Board<\/strong><br \/>\nIng. Ladislav Folk<br \/>\ntel: +420 377 245 303<\/p>\n<p><strong>Production and Technical Department Head<\/strong><br \/>\nIng. Stanislava \u010cern\u00e1<br \/>\ntel: +420 377 247\u00a0859<\/p>\n<p><strong>Sales Department Agents<\/strong><br \/>\nAd\u00e9la Sponnerov\u00e1<br \/>\ntel: +420 377 247 859<br \/>\nGSM: +420 777\u00a0108\u00a0691<br \/>\n<a href=\"mailto:lehocka@plzenske-dilo.cz\">sponnerova@plzenske-dilo.cz<\/a>[\/vc_column_text][\/vc_column_inner][vc_column_inner width=&#8221;1\/2&#8243;][vc_column_text]<strong>Quality and Complaint Department<\/strong><br \/>\nFilip L\u00e1ska<br \/>\nGSM: +420\u00a0777\u00a0155 026<br \/>\n<a href=\"mailto:laska@plzenske-dilo.cz\">laska@plzenske-dilo.cz<\/a><\/p>\n<p><strong>Human Resources Department<\/strong><br \/>\nJarom\u00edr \u010cern\u00fd\u00a0 DiS.<br \/>\nGSM: +420\u00a0777\u00a0155 027<br \/>\n<a href=\"mailto:cerny@plzenske-dilo.cz\">cerny@plzenske-dilo.cz<\/a>[\/vc_column_text][\/vc_column_inner][\/vc_row_inner][\/vc_column][vc_column width=&#8221;1\/2&#8243;][vc_column_text]<\/p>\n<h2>Are you interested in production?<\/h2>\n<h3>Send us your inquiry, please, and we will contact you immediately.<\/h3>\n<p>[\/vc_column_text]\n<div class=\"wpcf7 no-js\" id=\"wpcf7-f733-o1\" lang=\"en-US\" dir=\"ltr\" data-wpcf7-id=\"733\">\n<div class=\"screen-reader-response\"><p role=\"status\" aria-live=\"polite\" aria-atomic=\"true\"><\/p> <ul><\/ul><\/div>\n<form action=\"\/en\/wp-json\/wp\/v2\/pages\/471#wpcf7-f733-o1\" method=\"post\" class=\"wpcf7-form init\" aria-label=\"Contact form\" novalidate=\"novalidate\" data-status=\"init\">\n<fieldset class=\"hidden-fields-container\"><input type=\"hidden\" name=\"_wpcf7\" value=\"733\" \/><input type=\"hidden\" name=\"_wpcf7_version\" value=\"6.1.5\" \/><input type=\"hidden\" name=\"_wpcf7_locale\" value=\"en_US\" \/><input type=\"hidden\" name=\"_wpcf7_unit_tag\" value=\"wpcf7-f733-o1\" \/><input type=\"hidden\" name=\"_wpcf7_container_post\" value=\"0\" \/><input type=\"hidden\" name=\"_wpcf7_posted_data_hash\" value=\"\" \/><input type=\"hidden\" name=\"_wpcf7_recaptcha_response\" value=\"\" \/>\n<\/fieldset>\n<p>Your name\n<\/p>\n<p><span class=\"wpcf7-form-control-wrap\" data-name=\"your-name\"><input size=\"40\" maxlength=\"400\" class=\"wpcf7-form-control wpcf7-text wpcf7-validates-as-required\" aria-required=\"true\" aria-invalid=\"false\" value=\"\" type=\"text\" name=\"your-name\" \/><\/span>\n<\/p>\n<p>Your e-mail\n<\/p>\n<p><span class=\"wpcf7-form-control-wrap\" data-name=\"your-email\"><input size=\"40\" maxlength=\"400\" class=\"wpcf7-form-control wpcf7-email wpcf7-validates-as-required wpcf7-text wpcf7-validates-as-email\" aria-required=\"true\" aria-invalid=\"false\" value=\"\" type=\"email\" name=\"your-email\" \/><\/span>\n<\/p>\n<p>Subject\n<\/p>\n<p><span class=\"wpcf7-form-control-wrap\" data-name=\"your-subject\"><input size=\"40\" maxlength=\"400\" class=\"wpcf7-form-control wpcf7-text\" aria-invalid=\"false\" value=\"\" type=\"text\" name=\"your-subject\" \/><\/span>\n<\/p>\n<p>Message\n<\/p>\n<p><span class=\"wpcf7-form-control-wrap\" data-name=\"your-message\"><textarea cols=\"40\" rows=\"10\" maxlength=\"2000\" class=\"wpcf7-form-control wpcf7-textarea\" aria-invalid=\"false\" name=\"your-message\"><\/textarea><\/span>\n<\/p>\n<p><span class=\"wpcf7-form-control-wrap wpgdprc\"><span class=\"wpcf7-form-control wpcf7-wpgdprc wpcf7-validates-as-required\"><span class=\"wpcf7-list-item\"><input type=\"checkbox\" name=\"wpgdprc\" value=\"1\" aria-required=\"true\" aria-invalid=\"false\" \/><span class=\"wpcf7-list-item-label\">By using this form you agree with the storage and handling of your data by this website.<\/span><\/span><\/span>    <\/span><a href=\"\/souhlas-se-zpracovanim-osobnich-udaju\/\" target=\"_blank\" rel=\"noopener\">Private policy<\/a>\n<\/p>\n\n<p><input class=\"wpcf7-form-control wpcf7-submit has-spinner\" type=\"submit\" value=\"SEND MESSAGE\" \/>\n<\/p><div class=\"wpcf7-response-output\" aria-hidden=\"true\"><\/div>\n<\/form>\n<\/div>\n[\/vc_column][\/vc_row][vc_row][vc_column][vc_column_text]<\/p>\n<h4><a href=\"http:\/\/www.plzenske-dilo.cz\/pozvanka-na-clenskou-schuzi-druzstva\/\">POZV\u00c1NKA NA \u010cLENSKOU SCH\u016eZI DRU\u017dSTVA<\/a><\/h4>\n<p>[\/vc_column_text][\/vc_column][\/vc_row]<\/p>\n<\/div>","protected":false},"excerpt":{"rendered":"<p>[vc_row full_width=&#8221;stretch_row_content&#8221;][vc_column][\/vc_column][\/vc_row][vc_row css=&#8221;.vc_custom_1446630848557{padding-top: 40px !important;padding-bottom: 40px !important;}&#8221;][vc_column width=&#8221;1\/2&#8243; css=&#8221;.vc_custom_1446631124898{padding-right: 60px !important;padding-left: 60px !important;}&#8221;][vc_column_text] Our Address Plze\u0148sk\u00e9 d\u00edlo, co-opt. Skladov\u00e1 8 326 00 Plze\u0148 \u010cesk\u00e1 republika GPS<span class=\"excerpt-hellip\"> [\u2026]<\/span><\/p>\n","protected":false},"author":1,"featured_media":0,"parent":0,"menu_order":0,"comment_status":"closed","ping_status":"closed","template":"","meta":{"footnotes":""},"class_list":["post-471","page","type-page","status-publish","hentry"],"yoast_head":"<title>Contatcs - Plze\u0148sk\u00e9 d\u00edlo<\/title>\n<meta name=\"robots\" content=\"index, follow, max-snippet:-1, max-image-preview:large, max-video-preview:-1\" \/>\n<link rel=\"canonical\" href=\"https:\/\/www.plzenske-dilo.cz\/en\/kontakty\/\" \/>\n<meta property=\"og:locale\" content=\"en_US\" \/>\n<meta property=\"og:type\" content=\"article\" \/>\n<meta property=\"og:title\" content=\"Contatcs - Plze\u0148sk\u00e9 d\u00edlo\" \/>\n<meta property=\"og:description\" content=\"[vc_row full_width=&#8221;stretch_row_content&#8221;][vc_column][\/vc_column][\/vc_row][vc_row css=&#8221;.vc_custom_1446630848557{padding-top: 40px !important;padding-bottom: 40px !important;}&#8221;][vc_column width=&#8221;1\/2&#8243; css=&#8221;.vc_custom_1446631124898{padding-right: 60px !important;padding-left: 60px !important;}&#8221;][vc_column_text] Our Address Plze\u0148sk\u00e9 d\u00edlo, co-opt. Skladov\u00e1 8 326 00 Plze\u0148 \u010cesk\u00e1 republika GPS [\u2026]\" \/>\n<meta property=\"og:url\" content=\"https:\/\/www.plzenske-dilo.cz\/en\/kontakty\/\" \/>\n<meta property=\"og:site_name\" content=\"Plze\u0148sk\u00e9 d\u00edlo\" \/>\n<meta property=\"article:modified_time\" content=\"2023-06-16T09:34:52+00:00\" \/>\n<meta name=\"twitter:card\" content=\"summary_large_image\" \/>\n<meta name=\"twitter:label1\" content=\"Est. reading time\" \/>\n\t<meta name=\"twitter:data1\" content=\"1 minute\" \/>\n<script type=\"application\/ld+json\" class=\"yoast-schema-graph\">{\"@context\":\"https:\/\/schema.org\",\"@graph\":[{\"@type\":\"WebPage\",\"@id\":\"https:\/\/www.plzenske-dilo.cz\/en\/kontakty\/\",\"url\":\"https:\/\/www.plzenske-dilo.cz\/en\/kontakty\/\",\"name\":\"Contatcs - Plze\u0148sk\u00e9 d\u00edlo\",\"isPartOf\":{\"@id\":\"https:\/\/www.plzenske-dilo.cz\/#website\"},\"datePublished\":\"2016-11-23T10:26:14+00:00\",\"dateModified\":\"2023-06-16T09:34:52+00:00\",\"breadcrumb\":{\"@id\":\"https:\/\/www.plzenske-dilo.cz\/en\/kontakty\/#breadcrumb\"},\"inLanguage\":\"en-US\",\"potentialAction\":[{\"@type\":\"ReadAction\",\"target\":[\"https:\/\/www.plzenske-dilo.cz\/en\/kontakty\/\"]}]},{\"@type\":\"BreadcrumbList\",\"@id\":\"https:\/\/www.plzenske-dilo.cz\/en\/kontakty\/#breadcrumb\",\"itemListElement\":[{\"@type\":\"ListItem\",\"position\":1,\"name\":\"Dom\u016f\",\"item\":\"https:\/\/www.plzenske-dilo.cz\/en\/\"},{\"@type\":\"ListItem\",\"position\":2,\"name\":\"Contatcs\"}]},{\"@type\":\"WebSite\",\"@id\":\"https:\/\/www.plzenske-dilo.cz\/#website\",\"url\":\"https:\/\/www.plzenske-dilo.cz\/\",\"name\":\"Plze\u0148sk\u00e9 d\u00edlo\",\"description\":\"Dal\u0161\u00ed nov\u00fd web v r\u00e1mci s\u00edt\u011b OctoPlus.cz Demo\",\"potentialAction\":[{\"@type\":\"SearchAction\",\"target\":{\"@type\":\"EntryPoint\",\"urlTemplate\":\"https:\/\/www.plzenske-dilo.cz\/?s={search_term_string}\"},\"query-input\":{\"@type\":\"PropertyValueSpecification\",\"valueRequired\":true,\"valueName\":\"search_term_string\"}}],\"inLanguage\":\"en-US\"}]}<\/script>","yoast_head_json":{"title":"Contatcs - Plze\u0148sk\u00e9 d\u00edlo","robots":{"index":"index","follow":"follow","max-snippet":"max-snippet:-1","max-image-preview":"max-image-preview:large","max-video-preview":"max-video-preview:-1"},"canonical":"https:\/\/www.plzenske-dilo.cz\/en\/kontakty\/","og_locale":"en_US","og_type":"article","og_title":"Contatcs - Plze\u0148sk\u00e9 d\u00edlo","og_description":"[vc_row full_width=&#8221;stretch_row_content&#8221;][vc_column][\/vc_column][\/vc_row][vc_row css=&#8221;.vc_custom_1446630848557{padding-top: 40px !important;padding-bottom: 40px !important;}&#8221;][vc_column width=&#8221;1\/2&#8243; css=&#8221;.vc_custom_1446631124898{padding-right: 60px !important;padding-left: 60px !important;}&#8221;][vc_column_text] Our Address Plze\u0148sk\u00e9 d\u00edlo, co-opt. Skladov\u00e1 8 326 00 Plze\u0148 \u010cesk\u00e1 republika GPS [\u2026]","og_url":"https:\/\/www.plzenske-dilo.cz\/en\/kontakty\/","og_site_name":"Plze\u0148sk\u00e9 d\u00edlo","article_modified_time":"2023-06-16T09:34:52+00:00","twitter_card":"summary_large_image","twitter_misc":{"Est. reading time":"1 minute"},"schema":{"@context":"https:\/\/schema.org","@graph":[{"@type":"WebPage","@id":"https:\/\/www.plzenske-dilo.cz\/en\/kontakty\/","url":"https:\/\/www.plzenske-dilo.cz\/en\/kontakty\/","name":"Contatcs - Plze\u0148sk\u00e9 d\u00edlo","isPartOf":{"@id":"https:\/\/www.plzenske-dilo.cz\/#website"},"datePublished":"2016-11-23T10:26:14+00:00","dateModified":"2023-06-16T09:34:52+00:00","breadcrumb":{"@id":"https:\/\/www.plzenske-dilo.cz\/en\/kontakty\/#breadcrumb"},"inLanguage":"en-US","potentialAction":[{"@type":"ReadAction","target":["https:\/\/www.plzenske-dilo.cz\/en\/kontakty\/"]}]},{"@type":"BreadcrumbList","@id":"https:\/\/www.plzenske-dilo.cz\/en\/kontakty\/#breadcrumb","itemListElement":[{"@type":"ListItem","position":1,"name":"Dom\u016f","item":"https:\/\/www.plzenske-dilo.cz\/en\/"},{"@type":"ListItem","position":2,"name":"Contatcs"}]},{"@type":"WebSite","@id":"https:\/\/www.plzenske-dilo.cz\/#website","url":"https:\/\/www.plzenske-dilo.cz\/","name":"Plze\u0148sk\u00e9 d\u00edlo","description":"Dal\u0161\u00ed nov\u00fd web v r\u00e1mci s\u00edt\u011b OctoPlus.cz Demo","potentialAction":[{"@type":"SearchAction","target":{"@type":"EntryPoint","urlTemplate":"https:\/\/www.plzenske-dilo.cz\/?s={search_term_string}"},"query-input":{"@type":"PropertyValueSpecification","valueRequired":true,"valueName":"search_term_string"}}],"inLanguage":"en-US"}]}},"_links":{"self":[{"href":"https:\/\/www.plzenske-dilo.cz\/en\/wp-json\/wp\/v2\/pages\/471","targetHints":{"allow":["GET"]}}],"collection":[{"href":"https:\/\/www.plzenske-dilo.cz\/en\/wp-json\/wp\/v2\/pages"}],"about":[{"href":"https:\/\/www.plzenske-dilo.cz\/en\/wp-json\/wp\/v2\/types\/page"}],"author":[{"embeddable":true,"href":"https:\/\/www.plzenske-dilo.cz\/en\/wp-json\/wp\/v2\/users\/1"}],"replies":[{"embeddable":true,"href":"https:\/\/www.plzenske-dilo.cz\/en\/wp-json\/wp\/v2\/comments?post=471"}],"version-history":[{"count":20,"href":"https:\/\/www.plzenske-dilo.cz\/en\/wp-json\/wp\/v2\/pages\/471\/revisions"}],"predecessor-version":[{"id":1115,"href":"https:\/\/www.plzenske-dilo.cz\/en\/wp-json\/wp\/v2\/pages\/471\/revisions\/1115"}],"wp:attachment":[{"href":"https:\/\/www.plzenske-dilo.cz\/en\/wp-json\/wp\/v2\/media?parent=471"}],"curies":[{"name":"wp","href":"https:\/\/api.w.org\/{rel}","templated":true}]}}