{"id":473,"date":"2016-11-23T11:27:31","date_gmt":"2016-11-23T10:27:31","guid":{"rendered":"http:\/\/www.plzenske-dilo.cz\/en\/?page_id=473"},"modified":"2016-11-23T11:31:41","modified_gmt":"2016-11-23T10:31:41","slug":"termoplasty","status":"publish","type":"page","link":"https:\/\/www.plzenske-dilo.cz\/en\/termoplasty\/","title":{"rendered":"Thermoplastic materials"},"content":{"rendered":"<div class=\"wpb-content-wrapper\"><p>[vc_row][vc_column width=&#8221;1\/2&#8243;][vc_column_text]<\/p>\n<p style=\"text-align: justify\">We process thermoplastic materials at our Pilsen facility where we operate a total of 25 injection moulding machines with closing force of 25 \u2013 400 tons.<\/p>\n<p style=\"text-align: justify\">Using the thermoplastic material injection technology, we produce parts for electrical equipment, automobile industry, households, luggage, and also toys or technical products according to our customers\u2019 specifications. Our most frequently used materials are PE, PP, PS, ABS, PA, PBT, PC, and other materials.<\/p>\n<p>[\/vc_column_text][\/vc_column][vc_column width=&#8221;1\/2&#8243;][vc_column_text]<\/p>\n<p style=\"text-align: justify\">We use nitrogen-based injection technologies, dual-component injection, and robotic worksites. We operate a moulding machine with a horizontal dividing plane with injection into the dividing plane. This machine is great, for example, for the injection of elastic tapes into buckles, etc.<\/p>\n<p>[\/vc_column_text][\/vc_column][\/vc_row][vc_row full_width=&#8221;stretch_row&#8221;][vc_column width=&#8221;1\/6&#8243;][\/vc_column][vc_column width=&#8221;4\/6&#8243;][vc_images_carousel images=&#8221;238,240,241,242,243,244,246&#8243; img_size=&#8221;full&#8221;][\/vc_column][vc_column width=&#8221;1\/6&#8243;][\/vc_column][\/vc_row]<\/p>\n<\/div>","protected":false},"excerpt":{"rendered":"<p>[vc_row][vc_column width=&#8221;1\/2&#8243;][vc_column_text] We process thermoplastic materials at our Pilsen facility where we operate a total of 25 injection moulding machines with closing force of 25 \u2013<span class=\"excerpt-hellip\"> [\u2026]<\/span><\/p>\n","protected":false},"author":43,"featured_media":0,"parent":0,"menu_order":0,"comment_status":"closed","ping_status":"closed","template":"","meta":{"footnotes":""},"class_list":["post-473","page","type-page","status-publish","hentry"],"yoast_head":"<title>Thermoplastic materials - Plze\u0148sk\u00e9 d\u00edlo<\/title>\n<meta name=\"robots\" content=\"index, follow, max-snippet:-1, max-image-preview:large, max-video-preview:-1\" \/>\n<link rel=\"canonical\" href=\"https:\/\/www.plzenske-dilo.cz\/en\/termoplasty\/\" \/>\n<meta property=\"og:locale\" content=\"en_US\" \/>\n<meta property=\"og:type\" content=\"article\" \/>\n<meta property=\"og:title\" content=\"Thermoplastic materials - Plze\u0148sk\u00e9 d\u00edlo\" \/>\n<meta property=\"og:description\" content=\"[vc_row][vc_column width=&#8221;1\/2&#8243;][vc_column_text] We process thermoplastic materials at our Pilsen facility where we operate a total of 25 injection moulding machines with closing force of 25 \u2013 [\u2026]\" \/>\n<meta property=\"og:url\" content=\"https:\/\/www.plzenske-dilo.cz\/en\/termoplasty\/\" \/>\n<meta property=\"og:site_name\" content=\"Plze\u0148sk\u00e9 d\u00edlo\" \/>\n<meta property=\"article:modified_time\" content=\"2016-11-23T10:31:41+00:00\" \/>\n<meta name=\"twitter:card\" content=\"summary_large_image\" \/>\n<meta name=\"twitter:label1\" content=\"Est. reading time\" \/>\n\t<meta name=\"twitter:data1\" content=\"1 minute\" \/>\n<script type=\"application\/ld+json\" class=\"yoast-schema-graph\">{\"@context\":\"https:\/\/schema.org\",\"@graph\":[{\"@type\":\"WebPage\",\"@id\":\"https:\/\/www.plzenske-dilo.cz\/en\/termoplasty\/\",\"url\":\"https:\/\/www.plzenske-dilo.cz\/en\/termoplasty\/\",\"name\":\"Thermoplastic materials - Plze\u0148sk\u00e9 d\u00edlo\",\"isPartOf\":{\"@id\":\"https:\/\/www.plzenske-dilo.cz\/#website\"},\"datePublished\":\"2016-11-23T10:27:31+00:00\",\"dateModified\":\"2016-11-23T10:31:41+00:00\",\"breadcrumb\":{\"@id\":\"https:\/\/www.plzenske-dilo.cz\/en\/termoplasty\/#breadcrumb\"},\"inLanguage\":\"en-US\",\"potentialAction\":[{\"@type\":\"ReadAction\",\"target\":[\"https:\/\/www.plzenske-dilo.cz\/en\/termoplasty\/\"]}]},{\"@type\":\"BreadcrumbList\",\"@id\":\"https:\/\/www.plzenske-dilo.cz\/en\/termoplasty\/#breadcrumb\",\"itemListElement\":[{\"@type\":\"ListItem\",\"position\":1,\"name\":\"Dom\u016f\",\"item\":\"https:\/\/www.plzenske-dilo.cz\/en\/\"},{\"@type\":\"ListItem\",\"position\":2,\"name\":\"Thermoplastic materials\"}]},{\"@type\":\"WebSite\",\"@id\":\"https:\/\/www.plzenske-dilo.cz\/#website\",\"url\":\"https:\/\/www.plzenske-dilo.cz\/\",\"name\":\"Plze\u0148sk\u00e9 d\u00edlo\",\"description\":\"Dal\u0161\u00ed nov\u00fd web v r\u00e1mci s\u00edt\u011b OctoPlus.cz Demo\",\"potentialAction\":[{\"@type\":\"SearchAction\",\"target\":{\"@type\":\"EntryPoint\",\"urlTemplate\":\"https:\/\/www.plzenske-dilo.cz\/?s={search_term_string}\"},\"query-input\":{\"@type\":\"PropertyValueSpecification\",\"valueRequired\":true,\"valueName\":\"search_term_string\"}}],\"inLanguage\":\"en-US\"}]}<\/script>","yoast_head_json":{"title":"Thermoplastic materials - Plze\u0148sk\u00e9 d\u00edlo","robots":{"index":"index","follow":"follow","max-snippet":"max-snippet:-1","max-image-preview":"max-image-preview:large","max-video-preview":"max-video-preview:-1"},"canonical":"https:\/\/www.plzenske-dilo.cz\/en\/termoplasty\/","og_locale":"en_US","og_type":"article","og_title":"Thermoplastic materials - Plze\u0148sk\u00e9 d\u00edlo","og_description":"[vc_row][vc_column width=&#8221;1\/2&#8243;][vc_column_text] We process thermoplastic materials at our Pilsen facility where we operate a total of 25 injection moulding machines with closing force of 25 \u2013 [\u2026]","og_url":"https:\/\/www.plzenske-dilo.cz\/en\/termoplasty\/","og_site_name":"Plze\u0148sk\u00e9 d\u00edlo","article_modified_time":"2016-11-23T10:31:41+00:00","twitter_card":"summary_large_image","twitter_misc":{"Est. reading time":"1 minute"},"schema":{"@context":"https:\/\/schema.org","@graph":[{"@type":"WebPage","@id":"https:\/\/www.plzenske-dilo.cz\/en\/termoplasty\/","url":"https:\/\/www.plzenske-dilo.cz\/en\/termoplasty\/","name":"Thermoplastic materials - Plze\u0148sk\u00e9 d\u00edlo","isPartOf":{"@id":"https:\/\/www.plzenske-dilo.cz\/#website"},"datePublished":"2016-11-23T10:27:31+00:00","dateModified":"2016-11-23T10:31:41+00:00","breadcrumb":{"@id":"https:\/\/www.plzenske-dilo.cz\/en\/termoplasty\/#breadcrumb"},"inLanguage":"en-US","potentialAction":[{"@type":"ReadAction","target":["https:\/\/www.plzenske-dilo.cz\/en\/termoplasty\/"]}]},{"@type":"BreadcrumbList","@id":"https:\/\/www.plzenske-dilo.cz\/en\/termoplasty\/#breadcrumb","itemListElement":[{"@type":"ListItem","position":1,"name":"Dom\u016f","item":"https:\/\/www.plzenske-dilo.cz\/en\/"},{"@type":"ListItem","position":2,"name":"Thermoplastic materials"}]},{"@type":"WebSite","@id":"https:\/\/www.plzenske-dilo.cz\/#website","url":"https:\/\/www.plzenske-dilo.cz\/","name":"Plze\u0148sk\u00e9 d\u00edlo","description":"Dal\u0161\u00ed nov\u00fd web v r\u00e1mci s\u00edt\u011b OctoPlus.cz Demo","potentialAction":[{"@type":"SearchAction","target":{"@type":"EntryPoint","urlTemplate":"https:\/\/www.plzenske-dilo.cz\/?s={search_term_string}"},"query-input":{"@type":"PropertyValueSpecification","valueRequired":true,"valueName":"search_term_string"}}],"inLanguage":"en-US"}]}},"_links":{"self":[{"href":"https:\/\/www.plzenske-dilo.cz\/en\/wp-json\/wp\/v2\/pages\/473","targetHints":{"allow":["GET"]}}],"collection":[{"href":"https:\/\/www.plzenske-dilo.cz\/en\/wp-json\/wp\/v2\/pages"}],"about":[{"href":"https:\/\/www.plzenske-dilo.cz\/en\/wp-json\/wp\/v2\/types\/page"}],"author":[{"embeddable":true,"href":"https:\/\/www.plzenske-dilo.cz\/en\/wp-json\/wp\/v2\/users\/43"}],"replies":[{"embeddable":true,"href":"https:\/\/www.plzenske-dilo.cz\/en\/wp-json\/wp\/v2\/comments?post=473"}],"version-history":[{"count":2,"href":"https:\/\/www.plzenske-dilo.cz\/en\/wp-json\/wp\/v2\/pages\/473\/revisions"}],"predecessor-version":[{"id":510,"href":"https:\/\/www.plzenske-dilo.cz\/en\/wp-json\/wp\/v2\/pages\/473\/revisions\/510"}],"wp:attachment":[{"href":"https:\/\/www.plzenske-dilo.cz\/en\/wp-json\/wp\/v2\/media?parent=473"}],"curies":[{"name":"wp","href":"https:\/\/api.w.org\/{rel}","templated":true}]}}