{"id":499,"date":"2016-11-23T11:24:38","date_gmt":"2016-11-23T10:24:38","guid":{"rendered":"http:\/\/www.plzenske-dilo.cz\/en\/?page_id=499"},"modified":"2019-07-10T11:18:05","modified_gmt":"2019-07-10T10:18:05","slug":"about-the-company","status":"publish","type":"page","link":"https:\/\/www.plzenske-dilo.cz\/en\/about-the-company\/","title":{"rendered":"About the company"},"content":{"rendered":"<div class=\"wpb-content-wrapper\"><p>[vc_row][vc_column width=&#8221;1\/2&#8243;][vc_column_text]<\/p>\n<h2>About the Company<\/h2>\n<p>Plze\u0148sk\u00e9 d\u00edlo processes various plastic materials (PP, PE, PS, ABS, PA,\u00a0PC, SMC, BMC, bakelite, and others). We have a very long tradition in the plastic material processing field. That is why we may offer our customers our rich experiences not only with production, but also with the selection of the best materials for their projects. Our technologies also include nitrogen-based injection moulding. Our production programme includes both technical parts for various industrial fields and consumer market products.<br \/>\nWe offer our customers the production of plastic parts through injection or moulding, and we produce moulding tools, which we also maintain, repair, assemble, and install. Our employees operate our 30 injection moulding machines, which produce thermoplastic items, utilizing<br \/>\nthe closing force of 25 \u2013 400 tons. Our 25 moulding machines that produce thermoplastic items<\/p>\n<p>apply their closing force of 40 \u2013 600 tons.<\/p>\n<p>We are certificated in accordance with ISO 9001:2008.[\/vc_column_text][\/vc_column][vc_column width=&#8221;1\/2&#8243;][vc_single_image image=&#8221;241&#8243; img_size=&#8221;large&#8221;][\/vc_column][\/vc_row][vc_row][vc_column width=&#8221;1\/2&#8243;][vc_single_image image=&#8221;242&#8243; img_size=&#8221;large&#8221;][\/vc_column][vc_column width=&#8221;1\/2&#8243;][vc_column_text]<\/p>\n<h2>History<\/h2>\n<p>1943 \u2013 Firm foundation (30 July 1943)<br \/>\n1945 \u2013 Registration in the Register of Companies (12 December 1945)<br \/>\n1957 \u2013 Installation of the first thermoplastic item moulding machines in Pilsen<br \/>\n1958 \u2013\u00a0Beginning of production from thermosets in Velhartice<br \/>\n1961 \u2013 Beginning of glass laminates laminating<br \/>\n1971 \u2013 Initiation of thermoplastic material injection at the Skladov\u00e1 Street in Pilsen<br \/>\n1972 \u2013 Concentration of the cooperative\u2019s centre at Skladov\u00e1 8 in Pilsen and initiation of the<br \/>\ndevelopment of the plastic production basic facility<br \/>\n1997 \u2013 Expansion of the Pilsen facility<br \/>\n2004 \u2013 Expansion of the Velhartice facility<br \/>\n2006 \u2013 2011 \u2013 Acquisition of new moulding machines with closing force over 350 t<br \/>\n2008 \u2013 Acquisition of the 2K technology<\/p>\n<p>[\/vc_column_text][\/vc_column][\/vc_row]<\/p>\n<\/div>","protected":false},"excerpt":{"rendered":"<p>[vc_row][vc_column width=&#8221;1\/2&#8243;][vc_column_text] About the Company Plze\u0148sk\u00e9 d\u00edlo processes various plastic materials (PP, PE, PS, ABS, PA,\u00a0PC, SMC, BMC, bakelite, and others). We have a very long<span class=\"excerpt-hellip\"> [\u2026]<\/span><\/p>\n","protected":false},"author":43,"featured_media":0,"parent":0,"menu_order":0,"comment_status":"closed","ping_status":"closed","template":"","meta":{"footnotes":""},"class_list":["post-499","page","type-page","status-publish","hentry"],"yoast_head":"<title>About the company - Plze\u0148sk\u00e9 d\u00edlo<\/title>\n<meta name=\"robots\" content=\"index, follow, max-snippet:-1, max-image-preview:large, max-video-preview:-1\" \/>\n<link rel=\"canonical\" href=\"https:\/\/www.plzenske-dilo.cz\/en\/about-the-company\/\" \/>\n<meta property=\"og:locale\" content=\"en_US\" \/>\n<meta property=\"og:type\" content=\"article\" \/>\n<meta property=\"og:title\" content=\"About the company - Plze\u0148sk\u00e9 d\u00edlo\" \/>\n<meta property=\"og:description\" content=\"[vc_row][vc_column width=&#8221;1\/2&#8243;][vc_column_text] About the Company Plze\u0148sk\u00e9 d\u00edlo processes various plastic materials (PP, PE, PS, ABS, PA,\u00a0PC, SMC, BMC, bakelite, and others). We have a very long [\u2026]\" \/>\n<meta property=\"og:url\" content=\"https:\/\/www.plzenske-dilo.cz\/en\/about-the-company\/\" \/>\n<meta property=\"og:site_name\" content=\"Plze\u0148sk\u00e9 d\u00edlo\" \/>\n<meta property=\"article:modified_time\" content=\"2019-07-10T10:18:05+00:00\" \/>\n<meta name=\"twitter:card\" content=\"summary_large_image\" \/>\n<meta name=\"twitter:label1\" content=\"Est. reading time\" \/>\n\t<meta name=\"twitter:data1\" content=\"1 minute\" \/>\n<script type=\"application\/ld+json\" class=\"yoast-schema-graph\">{\"@context\":\"https:\/\/schema.org\",\"@graph\":[{\"@type\":\"WebPage\",\"@id\":\"https:\/\/www.plzenske-dilo.cz\/en\/about-the-company\/\",\"url\":\"https:\/\/www.plzenske-dilo.cz\/en\/about-the-company\/\",\"name\":\"About the company - Plze\u0148sk\u00e9 d\u00edlo\",\"isPartOf\":{\"@id\":\"https:\/\/www.plzenske-dilo.cz\/#website\"},\"datePublished\":\"2016-11-23T10:24:38+00:00\",\"dateModified\":\"2019-07-10T10:18:05+00:00\",\"breadcrumb\":{\"@id\":\"https:\/\/www.plzenske-dilo.cz\/en\/about-the-company\/#breadcrumb\"},\"inLanguage\":\"en-US\",\"potentialAction\":[{\"@type\":\"ReadAction\",\"target\":[\"https:\/\/www.plzenske-dilo.cz\/en\/about-the-company\/\"]}]},{\"@type\":\"BreadcrumbList\",\"@id\":\"https:\/\/www.plzenske-dilo.cz\/en\/about-the-company\/#breadcrumb\",\"itemListElement\":[{\"@type\":\"ListItem\",\"position\":1,\"name\":\"Dom\u016f\",\"item\":\"https:\/\/www.plzenske-dilo.cz\/en\/\"},{\"@type\":\"ListItem\",\"position\":2,\"name\":\"About the company\"}]},{\"@type\":\"WebSite\",\"@id\":\"https:\/\/www.plzenske-dilo.cz\/#website\",\"url\":\"https:\/\/www.plzenske-dilo.cz\/\",\"name\":\"Plze\u0148sk\u00e9 d\u00edlo\",\"description\":\"Dal\u0161\u00ed nov\u00fd web v r\u00e1mci s\u00edt\u011b OctoPlus.cz Demo\",\"potentialAction\":[{\"@type\":\"SearchAction\",\"target\":{\"@type\":\"EntryPoint\",\"urlTemplate\":\"https:\/\/www.plzenske-dilo.cz\/?s={search_term_string}\"},\"query-input\":{\"@type\":\"PropertyValueSpecification\",\"valueRequired\":true,\"valueName\":\"search_term_string\"}}],\"inLanguage\":\"en-US\"}]}<\/script>","yoast_head_json":{"title":"About the company - Plze\u0148sk\u00e9 d\u00edlo","robots":{"index":"index","follow":"follow","max-snippet":"max-snippet:-1","max-image-preview":"max-image-preview:large","max-video-preview":"max-video-preview:-1"},"canonical":"https:\/\/www.plzenske-dilo.cz\/en\/about-the-company\/","og_locale":"en_US","og_type":"article","og_title":"About the company - Plze\u0148sk\u00e9 d\u00edlo","og_description":"[vc_row][vc_column width=&#8221;1\/2&#8243;][vc_column_text] About the Company Plze\u0148sk\u00e9 d\u00edlo processes various plastic materials (PP, PE, PS, ABS, PA,\u00a0PC, SMC, BMC, bakelite, and others). We have a very long [\u2026]","og_url":"https:\/\/www.plzenske-dilo.cz\/en\/about-the-company\/","og_site_name":"Plze\u0148sk\u00e9 d\u00edlo","article_modified_time":"2019-07-10T10:18:05+00:00","twitter_card":"summary_large_image","twitter_misc":{"Est. reading time":"1 minute"},"schema":{"@context":"https:\/\/schema.org","@graph":[{"@type":"WebPage","@id":"https:\/\/www.plzenske-dilo.cz\/en\/about-the-company\/","url":"https:\/\/www.plzenske-dilo.cz\/en\/about-the-company\/","name":"About the company - Plze\u0148sk\u00e9 d\u00edlo","isPartOf":{"@id":"https:\/\/www.plzenske-dilo.cz\/#website"},"datePublished":"2016-11-23T10:24:38+00:00","dateModified":"2019-07-10T10:18:05+00:00","breadcrumb":{"@id":"https:\/\/www.plzenske-dilo.cz\/en\/about-the-company\/#breadcrumb"},"inLanguage":"en-US","potentialAction":[{"@type":"ReadAction","target":["https:\/\/www.plzenske-dilo.cz\/en\/about-the-company\/"]}]},{"@type":"BreadcrumbList","@id":"https:\/\/www.plzenske-dilo.cz\/en\/about-the-company\/#breadcrumb","itemListElement":[{"@type":"ListItem","position":1,"name":"Dom\u016f","item":"https:\/\/www.plzenske-dilo.cz\/en\/"},{"@type":"ListItem","position":2,"name":"About the company"}]},{"@type":"WebSite","@id":"https:\/\/www.plzenske-dilo.cz\/#website","url":"https:\/\/www.plzenske-dilo.cz\/","name":"Plze\u0148sk\u00e9 d\u00edlo","description":"Dal\u0161\u00ed nov\u00fd web v r\u00e1mci s\u00edt\u011b OctoPlus.cz Demo","potentialAction":[{"@type":"SearchAction","target":{"@type":"EntryPoint","urlTemplate":"https:\/\/www.plzenske-dilo.cz\/?s={search_term_string}"},"query-input":{"@type":"PropertyValueSpecification","valueRequired":true,"valueName":"search_term_string"}}],"inLanguage":"en-US"}]}},"_links":{"self":[{"href":"https:\/\/www.plzenske-dilo.cz\/en\/wp-json\/wp\/v2\/pages\/499","targetHints":{"allow":["GET"]}}],"collection":[{"href":"https:\/\/www.plzenske-dilo.cz\/en\/wp-json\/wp\/v2\/pages"}],"about":[{"href":"https:\/\/www.plzenske-dilo.cz\/en\/wp-json\/wp\/v2\/types\/page"}],"author":[{"embeddable":true,"href":"https:\/\/www.plzenske-dilo.cz\/en\/wp-json\/wp\/v2\/users\/43"}],"replies":[{"embeddable":true,"href":"https:\/\/www.plzenske-dilo.cz\/en\/wp-json\/wp\/v2\/comments?post=499"}],"version-history":[{"count":3,"href":"https:\/\/www.plzenske-dilo.cz\/en\/wp-json\/wp\/v2\/pages\/499\/revisions"}],"predecessor-version":[{"id":671,"href":"https:\/\/www.plzenske-dilo.cz\/en\/wp-json\/wp\/v2\/pages\/499\/revisions\/671"}],"wp:attachment":[{"href":"https:\/\/www.plzenske-dilo.cz\/en\/wp-json\/wp\/v2\/media?parent=499"}],"curies":[{"name":"wp","href":"https:\/\/api.w.org\/{rel}","templated":true}]}}