{"id":511,"date":"2016-11-23T11:56:30","date_gmt":"2016-11-23T10:56:30","guid":{"rendered":"http:\/\/www.plzenske-dilo.cz\/en\/?page_id=511"},"modified":"2016-11-23T11:56:30","modified_gmt":"2016-11-23T10:56:30","slug":"our-products","status":"publish","type":"page","link":"https:\/\/www.plzenske-dilo.cz\/en\/our-products\/","title":{"rendered":"Our products"},"content":{"rendered":"<div class=\"wpb-content-wrapper\"><p>[vc_row full_width=&#8221;stretch_row&#8221;][vc_column][vc_row_inner][vc_column_inner][vc_column_text]<\/p>\n<h2>Household products<\/h2>\n<p>[\/vc_column_text][\/vc_column_inner][\/vc_row_inner][vc_row_inner][vc_column_inner][vc_masonry_media_grid element_width=&#8221;3&#8243; grid_id=&#8221;vc_gid:1479898337992-94bf0def-4000-1&#8243; include=&#8221;373,374,376,378&#8243;][\/vc_column_inner][\/vc_row_inner][vc_column_text]Catalogue that you may download <a href=\"https:\/\/www.plzenske-dilo.cz\/wp-content\/uploads\/sites\/78\/2016\/01\/katalog-v\u00fdrobky-pro-dom\u00e1cnost.pdf\">here <i class=\"icon-download\" style=\"\" aria-hidden=\"true\"><\/i><\/a>[\/vc_column_text][\/vc_column][\/vc_row][vc_row full_width=&#8221;stretch_row&#8221;][vc_column][vc_row_inner][vc_column_inner][vc_column_text]<\/p>\n<h2>Electrical equipment<\/h2>\n<p>[\/vc_column_text][\/vc_column_inner][\/vc_row_inner][vc_row_inner][vc_column_inner][vc_masonry_media_grid element_width=&#8221;3&#8243; grid_id=&#8221;vc_gid:1479898338017-a7e017db-b490-10&#8243; include=&#8221;282,281,279,280&#8243;][vc_column_text]<\/p>\n<h4><strong><em>Circuit-breaker covers<\/em><\/strong><\/h4>\n<p>Cover shoulder<strong>:<\/strong><strong><br \/>\nType <\/strong>367 \u2013\u00a0for single-pole circuit-breaker\u00a0\u2013 max. 40 A<br \/>\n<strong>Type <\/strong>366 \u2013\u00a0for three-pole circuit-breaker\u00a0\u2013 max. 40 A<br \/>\n<strong>Type <\/strong>351 \u2013\u00a0for four-pole circuit-breaker\u00a0\u2013 max. 20 A<\/p>\n<p>Protection level<strong>:<\/strong><br \/>\nIP 20<\/p>\n<p>Protection material<strong>:<\/strong><strong><br \/>\n<\/strong>SB Krasten 336 grey RAL 7035<br \/>\nAll the produced circuit-breaker covers come with their certificates of compliance based on certificates issued by the Electrotechnical Testing Institute Prague.<\/p>\n<p>[\/vc_column_text][\/vc_column_inner][\/vc_row_inner][vc_column_text]Catalogue that you may download <a href=\"http:\/\/www.plzenske-dilo.cz\/wp-content\/uploads\/sites\/78\/2016\/01\/katalog-kryty-jisti%C4%8D%C5%AF.pdf\">here<\/a> <i class=\"icon-download\" style=\"\" aria-hidden=\"true\"><\/i>[\/vc_column_text][\/vc_column][\/vc_row][vc_row full_width=&#8221;stretch_row&#8221;][vc_column][vc_row_inner][vc_column_inner][vc_column_text]<\/p>\n<h2>Other<\/h2>\n<p>Our assortment includes a big number of other products, which we supply to various fields.[\/vc_column_text][\/vc_column_inner][\/vc_row_inner][vc_row_inner][vc_column_inner][vc_masonry_media_grid element_width=&#8221;3&#8243; grid_id=&#8221;vc_gid:1479898338039-7048e3bc-ae12-10&#8243; include=&#8221;344,345,346,347&#8243;][\/vc_column_inner][\/vc_row_inner][vc_column_text]Katalog ke sta\u017een\u00ed <a href=\"https:\/\/www.plzenske-dilo.cz\/wp-content\/uploads\/sites\/78\/2016\/01\/katalog-ostatn\u00ed-kompletn\u00ed-katalog.pdf\">zde\u00a0<i class=\"icon-download\" style=\"\" aria-hidden=\"true\"><\/i><\/a>[\/vc_column_text][\/vc_column][\/vc_row]<\/p>\n<\/div>","protected":false},"excerpt":{"rendered":"<p>[vc_row full_width=&#8221;stretch_row&#8221;][vc_column][vc_row_inner][vc_column_inner][vc_column_text] Household products [\/vc_column_text][\/vc_column_inner][\/vc_row_inner][vc_row_inner][vc_column_inner][vc_masonry_media_grid element_width=&#8221;3&#8243; grid_id=&#8221;vc_gid:1479898337992-94bf0def-4000-1&#8243; include=&#8221;373,374,376,378&#8243;][\/vc_column_inner][\/vc_row_inner][vc_column_text]Catalogue that you may download here [\/vc_column_text][\/vc_column][\/vc_row][vc_row full_width=&#8221;stretch_row&#8221;][vc_column][vc_row_inner][vc_column_inner][vc_column_text] Electrical equipment [\/vc_column_text][\/vc_column_inner][\/vc_row_inner][vc_row_inner][vc_column_inner][vc_masonry_media_grid element_width=&#8221;3&#8243; grid_id=&#8221;vc_gid:1479898338017-a7e017db-b490-10&#8243; include=&#8221;282,281,279,280&#8243;][vc_column_text] Circuit-breaker covers Cover shoulder: Type<span class=\"excerpt-hellip\"> [\u2026]<\/span><\/p>\n","protected":false},"author":43,"featured_media":0,"parent":0,"menu_order":0,"comment_status":"closed","ping_status":"closed","template":"","meta":{"footnotes":""},"class_list":["post-511","page","type-page","status-publish","hentry"],"yoast_head":"<title>Our products - Plze\u0148sk\u00e9 d\u00edlo<\/title>\n<meta name=\"robots\" content=\"index, follow, max-snippet:-1, max-image-preview:large, max-video-preview:-1\" \/>\n<link rel=\"canonical\" href=\"https:\/\/www.plzenske-dilo.cz\/en\/our-products\/\" \/>\n<meta property=\"og:locale\" content=\"en_US\" \/>\n<meta property=\"og:type\" content=\"article\" \/>\n<meta property=\"og:title\" content=\"Our products - Plze\u0148sk\u00e9 d\u00edlo\" \/>\n<meta property=\"og:description\" content=\"[vc_row full_width=&#8221;stretch_row&#8221;][vc_column][vc_row_inner][vc_column_inner][vc_column_text] Household products [\/vc_column_text][\/vc_column_inner][\/vc_row_inner][vc_row_inner][vc_column_inner][vc_masonry_media_grid element_width=&#8221;3&#8243; grid_id=&#8221;vc_gid:1479898337992-94bf0def-4000-1&#8243; include=&#8221;373,374,376,378&#8243;][\/vc_column_inner][\/vc_row_inner][vc_column_text]Catalogue that you may download here [\/vc_column_text][\/vc_column][\/vc_row][vc_row full_width=&#8221;stretch_row&#8221;][vc_column][vc_row_inner][vc_column_inner][vc_column_text] Electrical equipment [\/vc_column_text][\/vc_column_inner][\/vc_row_inner][vc_row_inner][vc_column_inner][vc_masonry_media_grid element_width=&#8221;3&#8243; grid_id=&#8221;vc_gid:1479898338017-a7e017db-b490-10&#8243; include=&#8221;282,281,279,280&#8243;][vc_column_text] Circuit-breaker covers Cover shoulder: Type [\u2026]\" \/>\n<meta property=\"og:url\" content=\"https:\/\/www.plzenske-dilo.cz\/en\/our-products\/\" \/>\n<meta property=\"og:site_name\" content=\"Plze\u0148sk\u00e9 d\u00edlo\" \/>\n<meta name=\"twitter:card\" content=\"summary_large_image\" \/>\n<meta name=\"twitter:label1\" content=\"Est. reading time\" \/>\n\t<meta name=\"twitter:data1\" content=\"1 minute\" \/>\n<script type=\"application\/ld+json\" class=\"yoast-schema-graph\">{\"@context\":\"https:\\\/\\\/schema.org\",\"@graph\":[{\"@type\":\"WebPage\",\"@id\":\"https:\\\/\\\/www.plzenske-dilo.cz\\\/en\\\/our-products\\\/\",\"url\":\"https:\\\/\\\/www.plzenske-dilo.cz\\\/en\\\/our-products\\\/\",\"name\":\"Our products - Plze\u0148sk\u00e9 d\u00edlo\",\"isPartOf\":{\"@id\":\"https:\\\/\\\/www.plzenske-dilo.cz\\\/#website\"},\"datePublished\":\"2016-11-23T10:56:30+00:00\",\"breadcrumb\":{\"@id\":\"https:\\\/\\\/www.plzenske-dilo.cz\\\/en\\\/our-products\\\/#breadcrumb\"},\"inLanguage\":\"en-US\",\"potentialAction\":[{\"@type\":\"ReadAction\",\"target\":[\"https:\\\/\\\/www.plzenske-dilo.cz\\\/en\\\/our-products\\\/\"]}]},{\"@type\":\"BreadcrumbList\",\"@id\":\"https:\\\/\\\/www.plzenske-dilo.cz\\\/en\\\/our-products\\\/#breadcrumb\",\"itemListElement\":[{\"@type\":\"ListItem\",\"position\":1,\"name\":\"Dom\u016f\",\"item\":\"https:\\\/\\\/www.plzenske-dilo.cz\\\/en\\\/\"},{\"@type\":\"ListItem\",\"position\":2,\"name\":\"Our products\"}]},{\"@type\":\"WebSite\",\"@id\":\"https:\\\/\\\/www.plzenske-dilo.cz\\\/#website\",\"url\":\"https:\\\/\\\/www.plzenske-dilo.cz\\\/\",\"name\":\"Plze\u0148sk\u00e9 d\u00edlo\",\"description\":\"Dal\u0161\u00ed nov\u00fd web v r\u00e1mci s\u00edt\u011b OctoPlus.cz Demo\",\"potentialAction\":[{\"@type\":\"SearchAction\",\"target\":{\"@type\":\"EntryPoint\",\"urlTemplate\":\"https:\\\/\\\/www.plzenske-dilo.cz\\\/?s={search_term_string}\"},\"query-input\":{\"@type\":\"PropertyValueSpecification\",\"valueRequired\":true,\"valueName\":\"search_term_string\"}}],\"inLanguage\":\"en-US\"}]}<\/script>","yoast_head_json":{"title":"Our products - Plze\u0148sk\u00e9 d\u00edlo","robots":{"index":"index","follow":"follow","max-snippet":"max-snippet:-1","max-image-preview":"max-image-preview:large","max-video-preview":"max-video-preview:-1"},"canonical":"https:\/\/www.plzenske-dilo.cz\/en\/our-products\/","og_locale":"en_US","og_type":"article","og_title":"Our products - Plze\u0148sk\u00e9 d\u00edlo","og_description":"[vc_row full_width=&#8221;stretch_row&#8221;][vc_column][vc_row_inner][vc_column_inner][vc_column_text] Household products [\/vc_column_text][\/vc_column_inner][\/vc_row_inner][vc_row_inner][vc_column_inner][vc_masonry_media_grid element_width=&#8221;3&#8243; grid_id=&#8221;vc_gid:1479898337992-94bf0def-4000-1&#8243; include=&#8221;373,374,376,378&#8243;][\/vc_column_inner][\/vc_row_inner][vc_column_text]Catalogue that you may download here [\/vc_column_text][\/vc_column][\/vc_row][vc_row full_width=&#8221;stretch_row&#8221;][vc_column][vc_row_inner][vc_column_inner][vc_column_text] Electrical equipment [\/vc_column_text][\/vc_column_inner][\/vc_row_inner][vc_row_inner][vc_column_inner][vc_masonry_media_grid element_width=&#8221;3&#8243; grid_id=&#8221;vc_gid:1479898338017-a7e017db-b490-10&#8243; include=&#8221;282,281,279,280&#8243;][vc_column_text] Circuit-breaker covers Cover shoulder: Type [\u2026]","og_url":"https:\/\/www.plzenske-dilo.cz\/en\/our-products\/","og_site_name":"Plze\u0148sk\u00e9 d\u00edlo","twitter_card":"summary_large_image","twitter_misc":{"Est. reading time":"1 minute"},"schema":{"@context":"https:\/\/schema.org","@graph":[{"@type":"WebPage","@id":"https:\/\/www.plzenske-dilo.cz\/en\/our-products\/","url":"https:\/\/www.plzenske-dilo.cz\/en\/our-products\/","name":"Our products - Plze\u0148sk\u00e9 d\u00edlo","isPartOf":{"@id":"https:\/\/www.plzenske-dilo.cz\/#website"},"datePublished":"2016-11-23T10:56:30+00:00","breadcrumb":{"@id":"https:\/\/www.plzenske-dilo.cz\/en\/our-products\/#breadcrumb"},"inLanguage":"en-US","potentialAction":[{"@type":"ReadAction","target":["https:\/\/www.plzenske-dilo.cz\/en\/our-products\/"]}]},{"@type":"BreadcrumbList","@id":"https:\/\/www.plzenske-dilo.cz\/en\/our-products\/#breadcrumb","itemListElement":[{"@type":"ListItem","position":1,"name":"Dom\u016f","item":"https:\/\/www.plzenske-dilo.cz\/en\/"},{"@type":"ListItem","position":2,"name":"Our products"}]},{"@type":"WebSite","@id":"https:\/\/www.plzenske-dilo.cz\/#website","url":"https:\/\/www.plzenske-dilo.cz\/","name":"Plze\u0148sk\u00e9 d\u00edlo","description":"Dal\u0161\u00ed nov\u00fd web v r\u00e1mci s\u00edt\u011b OctoPlus.cz Demo","potentialAction":[{"@type":"SearchAction","target":{"@type":"EntryPoint","urlTemplate":"https:\/\/www.plzenske-dilo.cz\/?s={search_term_string}"},"query-input":{"@type":"PropertyValueSpecification","valueRequired":true,"valueName":"search_term_string"}}],"inLanguage":"en-US"}]}},"_links":{"self":[{"href":"https:\/\/www.plzenske-dilo.cz\/en\/wp-json\/wp\/v2\/pages\/511","targetHints":{"allow":["GET"]}}],"collection":[{"href":"https:\/\/www.plzenske-dilo.cz\/en\/wp-json\/wp\/v2\/pages"}],"about":[{"href":"https:\/\/www.plzenske-dilo.cz\/en\/wp-json\/wp\/v2\/types\/page"}],"author":[{"embeddable":true,"href":"https:\/\/www.plzenske-dilo.cz\/en\/wp-json\/wp\/v2\/users\/43"}],"replies":[{"embeddable":true,"href":"https:\/\/www.plzenske-dilo.cz\/en\/wp-json\/wp\/v2\/comments?post=511"}],"version-history":[{"count":2,"href":"https:\/\/www.plzenske-dilo.cz\/en\/wp-json\/wp\/v2\/pages\/511\/revisions"}],"predecessor-version":[{"id":513,"href":"https:\/\/www.plzenske-dilo.cz\/en\/wp-json\/wp\/v2\/pages\/511\/revisions\/513"}],"wp:attachment":[{"href":"https:\/\/www.plzenske-dilo.cz\/en\/wp-json\/wp\/v2\/media?parent=511"}],"curies":[{"name":"wp","href":"https:\/\/api.w.org\/{rel}","templated":true}]}}