{"id":712,"date":"2021-02-08T12:06:39","date_gmt":"2021-02-08T11:06:39","guid":{"rendered":"https:\/\/www.plzenske-dilo.cz\/career\/"},"modified":"2021-02-08T12:13:10","modified_gmt":"2021-02-08T11:13:10","slug":"career","status":"publish","type":"page","link":"https:\/\/www.plzenske-dilo.cz\/en\/career\/","title":{"rendered":"Career"},"content":{"rendered":"<div class=\"wpb-content-wrapper\"><p>[vc_row][vc_column][vc_column_text]<\/p>\n<h2>We currently offer the following vacancies:<\/h2>\n<p>[\/vc_column_text][vc_row_inner][vc_column_inner][vc_column_text]<\/p>\n<h3>Tool shop worker (mold maintenance)<\/h3>\n<p><strong>Job description:<\/strong><\/p>\n<ul>\n<li>maintenance of pressing tools and accessories, minor repairs of pressing tools and accessories, production of jigs at the workplace in Pilsen<\/li>\n<\/ul>\n<p><strong>We require:<\/strong><\/p>\n<ul>\n<li>manual dexterity,<\/li>\n<li>diligence and reliability<\/li>\n<li>knowledge of injection molds is an advantage<\/li>\n<\/ul>\n<p><strong>We offer:<\/strong><\/p>\n<ul>\n<li>long-term cooperation<\/li>\n<li>full-time employment (morning shift only)<\/li>\n<li>company meals, bonuses, bonuses, etc.<\/li>\n<\/ul>\n<h3>Injection molding machine adjuster for 3 shifts<\/h3>\n<p><strong>Job description:<\/strong><\/p>\n<ul>\n<li>adjustment and maintenance of injection molding machines at the workplace in Pilsen<\/li>\n<li>eplacement of injection molds<\/li>\n<\/ul>\n<p><strong>We require:<\/strong><\/p>\n<ul>\n<li>experience with adjusting injection molding machines is an advantage<\/li>\n<li>completed high school \/ high school education<\/li>\n<li>diligence, reliability, diligence<\/li>\n<li>willingness to work in shifts<\/li>\n<\/ul>\n<p><strong>We offer:<\/strong><\/p>\n<ul>\n<li>long-term cooperation<\/li>\n<li>full-time employment<\/li>\n<li>interesting salary evaluation<\/li>\n<li>surcharges for night, afternoon shifts, bonuses, etc.<\/li>\n<li>company catering<\/li>\n<\/ul>\n<p>&nbsp;<\/p>\n<p>More information on GSM <strong>+420 777 155 027<\/strong> or email <a href=\"mailto:cerny@plzenske-dilo.cz\">cerny@plzenske-dilo.cz<\/a> or use the contact form.<\/p>\n<p>Last updated on January 20, 2021<br \/>\n[\/vc_column_text][\/vc_column_inner][\/vc_row_inner][\/vc_column][\/vc_row][vc_row full_width=&#8221;stretch_row&#8221; css=&#8221;.vc_custom_1453475059302{padding-top: 20px !important;background-color: #c1d6f2 !important;}&#8221;][vc_column][vc_column_text]<\/p>\n<h2>If you are interested in working in our company, please fill out the following form.<\/h2>\n<p>[\/vc_column_text][\/vc_column][\/vc_row][vc_row full_width=&#8221;stretch_row&#8221; css=&#8221;.vc_custom_1453475013583{padding-top: 20px !important;padding-bottom: 20px !important;background-color: #c1d6f2 !important;}&#8221;][vc_column width=&#8221;1\/4&#8243;][\/vc_column][vc_column width=&#8221;1\/2&#8243;]\n<div class=\"wpcf7 no-js\" id=\"wpcf7-f735-o1\" lang=\"en-US\" dir=\"ltr\" data-wpcf7-id=\"735\">\n<div class=\"screen-reader-response\"><p role=\"status\" aria-live=\"polite\" aria-atomic=\"true\"><\/p> <ul><\/ul><\/div>\n<form action=\"\/en\/wp-json\/wp\/v2\/pages\/712#wpcf7-f735-o1\" method=\"post\" class=\"wpcf7-form init\" aria-label=\"Contact form\" enctype=\"multipart\/form-data\" novalidate=\"novalidate\" data-status=\"init\">\n<fieldset class=\"hidden-fields-container\"><input type=\"hidden\" name=\"_wpcf7\" value=\"735\" \/><input type=\"hidden\" name=\"_wpcf7_version\" value=\"6.1.5\" \/><input type=\"hidden\" name=\"_wpcf7_locale\" value=\"en_US\" \/><input type=\"hidden\" name=\"_wpcf7_unit_tag\" value=\"wpcf7-f735-o1\" \/><input type=\"hidden\" name=\"_wpcf7_container_post\" value=\"0\" \/><input type=\"hidden\" name=\"_wpcf7_posted_data_hash\" value=\"\" \/><input type=\"hidden\" name=\"_wpcf7_recaptcha_response\" value=\"\" \/>\n<\/fieldset>\n<div class=\"column one-second\">\n\t<p><span class=\"wpcf7-form-control-wrap\" data-name=\"your-name\"><input size=\"40\" maxlength=\"400\" class=\"wpcf7-form-control wpcf7-text wpcf7-validates-as-required\" aria-required=\"true\" aria-invalid=\"false\" placeholder=\"Your name\" value=\"\" type=\"text\" name=\"your-name\" \/><\/span>\n\t<\/p>\n<\/div>\n<div class=\"column one-second\">\n\t<p><span class=\"wpcf7-form-control-wrap\" data-name=\"your-email\"><input size=\"40\" maxlength=\"400\" class=\"wpcf7-form-control wpcf7-email wpcf7-validates-as-required wpcf7-text wpcf7-validates-as-email\" aria-required=\"true\" aria-invalid=\"false\" placeholder=\"Your e-mail\" value=\"\" type=\"email\" name=\"your-email\" \/><\/span>\n\t<\/p>\n<\/div>\n<div class=\"column one\">\n\t<p><span class=\"wpcf7-form-control-wrap\" data-name=\"tel-893\"><input size=\"40\" maxlength=\"400\" class=\"wpcf7-form-control wpcf7-tel wpcf7-validates-as-required wpcf7-text wpcf7-validates-as-tel\" aria-required=\"true\" aria-invalid=\"false\" placeholder=\"Your phone\" value=\"\" type=\"tel\" name=\"tel-893\" \/><\/span>\n\t<\/p>\n<\/div>\n<div class=\"column one\">\n\t<p><span class=\"wpcf7-form-control-wrap\" data-name=\"your-subject\"><input size=\"40\" maxlength=\"400\" class=\"wpcf7-form-control wpcf7-text\" aria-invalid=\"false\" placeholder=\"Subject\" value=\"\" type=\"text\" name=\"your-subject\" \/><\/span>\n\t<\/p>\n<\/div>\n<div class=\"column one\">\n\t<p><span class=\"wpcf7-form-control-wrap\" data-name=\"your-message\"><textarea cols=\"40\" rows=\"10\" maxlength=\"2000\" class=\"wpcf7-form-control wpcf7-textarea\" aria-invalid=\"false\" placeholder=\"Message\" name=\"your-message\"><\/textarea><\/span>\n\t<\/p>\n<\/div>\n<div class=\"column one\">\n\t<p>Insert CV (doc, pdf, txt, odt) <span class=\"wpcf7-form-control-wrap\" data-name=\"file-341\"><input size=\"40\" class=\"wpcf7-form-control wpcf7-file\" accept=\".pdf,.doc,.docx,.txt,.odt\" aria-invalid=\"false\" type=\"file\" name=\"file-341\" \/><\/span>\n\t<\/p>\n<\/div>\n<div class=\"column one\">\n\t<p><span class=\"wpcf7-form-control-wrap wpgdprc\"><span class=\"wpcf7-form-control wpcf7-wpgdprc wpcf7-validates-as-required\"><span class=\"wpcf7-list-item\"><input type=\"checkbox\" name=\"wpgdprc\" value=\"1\" aria-required=\"true\" aria-invalid=\"false\" \/><span class=\"wpcf7-list-item-label\">By using this form you agree with the storage and handling of your data by this website.<\/span><\/span><\/span>    <\/span><a href=\"\/souhlas-se-zpracovanim-osobnich-udaju\/\" target=\"_blank\" rel=\"noopener\">Private policy<\/a>\n\t<\/p>\n\t<div class=\"column one\">\n\t\n\t<\/div>\n\t<p><input class=\"wpcf7-form-control wpcf7-submit has-spinner\" type=\"submit\" value=\"SEND MESSAGE\" \/>\n\t<\/p>\n<\/div><div class=\"wpcf7-response-output\" aria-hidden=\"true\"><\/div>\n<\/form>\n<\/div>\n[\/vc_column][vc_column width=&#8221;1\/4&#8243;][\/vc_column][\/vc_row][vc_row][vc_column][vc_column_text]<\/p>\n<p>He helps us with his job search[\/vc_column_text][\/vc_column][\/vc_row]<\/p>\n<\/div>","protected":false},"excerpt":{"rendered":"<p>[vc_row][vc_column][vc_column_text] We currently offer the following vacancies: [\/vc_column_text][vc_row_inner][vc_column_inner][vc_column_text] Tool shop worker (mold maintenance) Job description: maintenance of pressing tools and accessories, minor repairs of pressing tools<span class=\"excerpt-hellip\"> [\u2026]<\/span><\/p>\n","protected":false},"author":1,"featured_media":0,"parent":0,"menu_order":0,"comment_status":"closed","ping_status":"closed","template":"","meta":{"footnotes":""},"class_list":["post-712","page","type-page","status-publish","hentry"],"yoast_head":"<title>Career - Plze\u0148sk\u00e9 d\u00edlo<\/title>\n<meta name=\"robots\" content=\"index, follow, max-snippet:-1, max-image-preview:large, max-video-preview:-1\" \/>\n<link rel=\"canonical\" href=\"https:\/\/www.plzenske-dilo.cz\/en\/career\/\" \/>\n<meta property=\"og:locale\" content=\"en_US\" \/>\n<meta property=\"og:type\" content=\"article\" \/>\n<meta property=\"og:title\" content=\"Career - Plze\u0148sk\u00e9 d\u00edlo\" \/>\n<meta property=\"og:description\" content=\"[vc_row][vc_column][vc_column_text] We currently offer the following vacancies: [\/vc_column_text][vc_row_inner][vc_column_inner][vc_column_text] Tool shop worker (mold maintenance) Job description: maintenance of pressing tools and accessories, minor repairs of pressing tools [\u2026]\" \/>\n<meta property=\"og:url\" content=\"https:\/\/www.plzenske-dilo.cz\/en\/career\/\" \/>\n<meta property=\"og:site_name\" content=\"Plze\u0148sk\u00e9 d\u00edlo\" \/>\n<meta property=\"article:modified_time\" content=\"2021-02-08T11:13:10+00:00\" \/>\n<meta name=\"twitter:card\" content=\"summary_large_image\" \/>\n<meta name=\"twitter:label1\" content=\"Est. reading time\" \/>\n\t<meta name=\"twitter:data1\" content=\"1 minute\" \/>\n<script type=\"application\/ld+json\" class=\"yoast-schema-graph\">{\"@context\":\"https:\/\/schema.org\",\"@graph\":[{\"@type\":\"WebPage\",\"@id\":\"https:\/\/www.plzenske-dilo.cz\/en\/career\/\",\"url\":\"https:\/\/www.plzenske-dilo.cz\/en\/career\/\",\"name\":\"Career - Plze\u0148sk\u00e9 d\u00edlo\",\"isPartOf\":{\"@id\":\"https:\/\/www.plzenske-dilo.cz\/#website\"},\"datePublished\":\"2021-02-08T11:06:39+00:00\",\"dateModified\":\"2021-02-08T11:13:10+00:00\",\"breadcrumb\":{\"@id\":\"https:\/\/www.plzenske-dilo.cz\/en\/career\/#breadcrumb\"},\"inLanguage\":\"en-US\",\"potentialAction\":[{\"@type\":\"ReadAction\",\"target\":[\"https:\/\/www.plzenske-dilo.cz\/en\/career\/\"]}]},{\"@type\":\"BreadcrumbList\",\"@id\":\"https:\/\/www.plzenske-dilo.cz\/en\/career\/#breadcrumb\",\"itemListElement\":[{\"@type\":\"ListItem\",\"position\":1,\"name\":\"Dom\u016f\",\"item\":\"https:\/\/www.plzenske-dilo.cz\/en\/\"},{\"@type\":\"ListItem\",\"position\":2,\"name\":\"Career\"}]},{\"@type\":\"WebSite\",\"@id\":\"https:\/\/www.plzenske-dilo.cz\/#website\",\"url\":\"https:\/\/www.plzenske-dilo.cz\/\",\"name\":\"Plze\u0148sk\u00e9 d\u00edlo\",\"description\":\"Dal\u0161\u00ed nov\u00fd web v r\u00e1mci s\u00edt\u011b OctoPlus.cz Demo\",\"potentialAction\":[{\"@type\":\"SearchAction\",\"target\":{\"@type\":\"EntryPoint\",\"urlTemplate\":\"https:\/\/www.plzenske-dilo.cz\/?s={search_term_string}\"},\"query-input\":{\"@type\":\"PropertyValueSpecification\",\"valueRequired\":true,\"valueName\":\"search_term_string\"}}],\"inLanguage\":\"en-US\"}]}<\/script>","yoast_head_json":{"title":"Career - Plze\u0148sk\u00e9 d\u00edlo","robots":{"index":"index","follow":"follow","max-snippet":"max-snippet:-1","max-image-preview":"max-image-preview:large","max-video-preview":"max-video-preview:-1"},"canonical":"https:\/\/www.plzenske-dilo.cz\/en\/career\/","og_locale":"en_US","og_type":"article","og_title":"Career - Plze\u0148sk\u00e9 d\u00edlo","og_description":"[vc_row][vc_column][vc_column_text] We currently offer the following vacancies: [\/vc_column_text][vc_row_inner][vc_column_inner][vc_column_text] Tool shop worker (mold maintenance) Job description: maintenance of pressing tools and accessories, minor repairs of pressing tools [\u2026]","og_url":"https:\/\/www.plzenske-dilo.cz\/en\/career\/","og_site_name":"Plze\u0148sk\u00e9 d\u00edlo","article_modified_time":"2021-02-08T11:13:10+00:00","twitter_card":"summary_large_image","twitter_misc":{"Est. reading time":"1 minute"},"schema":{"@context":"https:\/\/schema.org","@graph":[{"@type":"WebPage","@id":"https:\/\/www.plzenske-dilo.cz\/en\/career\/","url":"https:\/\/www.plzenske-dilo.cz\/en\/career\/","name":"Career - Plze\u0148sk\u00e9 d\u00edlo","isPartOf":{"@id":"https:\/\/www.plzenske-dilo.cz\/#website"},"datePublished":"2021-02-08T11:06:39+00:00","dateModified":"2021-02-08T11:13:10+00:00","breadcrumb":{"@id":"https:\/\/www.plzenske-dilo.cz\/en\/career\/#breadcrumb"},"inLanguage":"en-US","potentialAction":[{"@type":"ReadAction","target":["https:\/\/www.plzenske-dilo.cz\/en\/career\/"]}]},{"@type":"BreadcrumbList","@id":"https:\/\/www.plzenske-dilo.cz\/en\/career\/#breadcrumb","itemListElement":[{"@type":"ListItem","position":1,"name":"Dom\u016f","item":"https:\/\/www.plzenske-dilo.cz\/en\/"},{"@type":"ListItem","position":2,"name":"Career"}]},{"@type":"WebSite","@id":"https:\/\/www.plzenske-dilo.cz\/#website","url":"https:\/\/www.plzenske-dilo.cz\/","name":"Plze\u0148sk\u00e9 d\u00edlo","description":"Dal\u0161\u00ed nov\u00fd web v r\u00e1mci s\u00edt\u011b OctoPlus.cz Demo","potentialAction":[{"@type":"SearchAction","target":{"@type":"EntryPoint","urlTemplate":"https:\/\/www.plzenske-dilo.cz\/?s={search_term_string}"},"query-input":{"@type":"PropertyValueSpecification","valueRequired":true,"valueName":"search_term_string"}}],"inLanguage":"en-US"}]}},"_links":{"self":[{"href":"https:\/\/www.plzenske-dilo.cz\/en\/wp-json\/wp\/v2\/pages\/712","targetHints":{"allow":["GET"]}}],"collection":[{"href":"https:\/\/www.plzenske-dilo.cz\/en\/wp-json\/wp\/v2\/pages"}],"about":[{"href":"https:\/\/www.plzenske-dilo.cz\/en\/wp-json\/wp\/v2\/types\/page"}],"author":[{"embeddable":true,"href":"https:\/\/www.plzenske-dilo.cz\/en\/wp-json\/wp\/v2\/users\/1"}],"replies":[{"embeddable":true,"href":"https:\/\/www.plzenske-dilo.cz\/en\/wp-json\/wp\/v2\/comments?post=712"}],"version-history":[{"count":8,"href":"https:\/\/www.plzenske-dilo.cz\/en\/wp-json\/wp\/v2\/pages\/712\/revisions"}],"predecessor-version":[{"id":720,"href":"https:\/\/www.plzenske-dilo.cz\/en\/wp-json\/wp\/v2\/pages\/712\/revisions\/720"}],"wp:attachment":[{"href":"https:\/\/www.plzenske-dilo.cz\/en\/wp-json\/wp\/v2\/media?parent=712"}],"curies":[{"name":"wp","href":"https:\/\/api.w.org\/{rel}","templated":true}]}}